{"id":1085,"date":"2025-01-07T17:27:53","date_gmt":"2025-01-07T17:27:53","guid":{"rendered":"https:\/\/krimperium.shop\/?post_type=product&#038;p=1085"},"modified":"2025-01-07T17:29:42","modified_gmt":"2025-01-07T17:29:42","slug":"diadema-gamer-vsg-shake-sonido-7-1-virtual-usb","status":"publish","type":"product","link":"https:\/\/krimperium.shop\/?product=diadema-gamer-vsg-shake-sonido-7-1-virtual-usb","title":{"rendered":"Diadema Gamer Vsg Shake Sonido 7.1 Virtual USB"},"content":{"rendered":"<p>ESPECIFICACIONES T\u00c9CNICAS:<\/p>\n<p>\u2022 Sistema De Audio : 7.1 Virtual<br \/>\n\u2022 Material ABS + PU + Esponja<br \/>\n\u2022 Patron Polar Del Microfono: Omnidireccional<br \/>\n\u2022 Conectividad Al\u00e1mbrico USB 2<br \/>\n\u2022 Plataformas PC<br \/>\n\u2022 Diametro del altavoz: 50 mm<br \/>\n\u2022 Impedancia: 32 \u03a9<br \/>\n\u2022 Microfono desmontable: No<br \/>\n\u2022 Patron polar del microfono: Omnidireccional<br \/>\n\u2022 Plataformas: PC<br \/>\n\u2022 Rango de frecuencia: 20 &#8211; 20 KHz<br \/>\n\u2022 Sensibilidad spl: 115 dB<\/p>\n<p>Conexi\u00f3n Al\u00e1mbrico<br \/>\n\u2022 Interfaz USB tipo-A versi\u00f3n 2.0<br \/>\n\u2022 Plataformas PC<br \/>\n\u2022 SO compatibles Windows<br \/>\n\u2022 Tipo de cable Trenzado<br \/>\n\u2022 Longitud del cable 2 m<br \/>\n\u2022 Di\u00e1metro del cable 3.3 mm<br \/>\n\u2022 Conector enchapado en oro S\u00ed<\/p>\n<p>\u2022 SHAKE VIBRA AL RITMO<br \/>\nShake es el centro de atenci\u00f3n de tu setup y pone a vibrar (literalmente) tu mundo. Activa desde su controlador el modo vibrar para percibir las huellas de tus enemigos o los bajos m\u00e1s \u00e9picos de tus canciones favoritas cuando est\u00e9s en modo carry.<\/p>\n<p>\u2022 LUCES LED<br \/>\nPara un ambiente fresco e inmersivo en tu estaci\u00f3n de batalla, Shake iluminar\u00e1 tu mundo con una estela LED RGB.<\/p>\n<p>&nbsp;<\/p>\n<p>\u2022 MOVIMIENTO EN CADA DECIBEL<br \/>\nCada sonido emitido a trav\u00e9s de sus auriculares de 50 mm te envuelve m\u00e1s en el juego. Su sonido est\u00e9reo te ayuda a posicionarte mejor, mejorar tu precisi\u00f3n y ubicar tus objetivos en el espacio; todo esto mientras te comunicas claramente con su micr\u00f3fono omnidireccional de -42 dB \u00b1 3dB.<\/p>\n<p>\u2022 COMODIDAD<br \/>\nSus esponjas suaves y duraderas cubren totalmente las orejas, cancelando pasivamente el sonido exterior, mientras su estructura y diadema ligeras se ajustan a tu cabeza.<\/p>\n","protected":false},"excerpt":{"rendered":"<p>Un Best-Seller Aclamado, Y Con Raz\u00f3n. El Kumara<br \/>\nEs Un Teclado Mec\u00e1nico TKL (Sin Pad Num\u00e9rico);<br \/>\nCompacto, Pero Ampliamente Funcional. Y Fuerte<br \/>\n\u2014Muy Fuerte\u2014, Gracias A Que Su Estructura Est\u00e1<br \/>\nReforzada Con Acero. Es Virtualmente Irrompible<br \/>\nY Tiene Una Durabilidad Extraordinaria.<\/p>\n","protected":false},"featured_media":1123,"comment_status":"closed","ping_status":"closed","template":"","meta":[],"product_brand":[],"product_cat":[28,27],"product_tag":[],"class_list":{"0":"post-1085","1":"product","2":"type-product","3":"status-publish","4":"has-post-thumbnail","6":"product_cat-alambricas","7":"product_cat-diademas","9":"first","10":"instock","11":"sale","12":"shipping-taxable","13":"purchasable","14":"product-type-simple"},"_links":{"self":[{"href":"https:\/\/krimperium.shop\/index.php?rest_route=\/wp\/v2\/product\/1085","targetHints":{"allow":["GET"]}}],"collection":[{"href":"https:\/\/krimperium.shop\/index.php?rest_route=\/wp\/v2\/product"}],"about":[{"href":"https:\/\/krimperium.shop\/index.php?rest_route=\/wp\/v2\/types\/product"}],"replies":[{"embeddable":true,"href":"https:\/\/krimperium.shop\/index.php?rest_route=%2Fwp%2Fv2%2Fcomments&post=1085"}],"wp:featuredmedia":[{"embeddable":true,"href":"https:\/\/krimperium.shop\/index.php?rest_route=\/wp\/v2\/media\/1123"}],"wp:attachment":[{"href":"https:\/\/krimperium.shop\/index.php?rest_route=%2Fwp%2Fv2%2Fmedia&parent=1085"}],"wp:term":[{"taxonomy":"product_brand","embeddable":true,"href":"https:\/\/krimperium.shop\/index.php?rest_route=%2Fwp%2Fv2%2Fproduct_brand&post=1085"},{"taxonomy":"product_cat","embeddable":true,"href":"https:\/\/krimperium.shop\/index.php?rest_route=%2Fwp%2Fv2%2Fproduct_cat&post=1085"},{"taxonomy":"product_tag","embeddable":true,"href":"https:\/\/krimperium.shop\/index.php?rest_route=%2Fwp%2Fv2%2Fproduct_tag&post=1085"}],"curies":[{"name":"wp","href":"https:\/\/api.w.org\/{rel}","templated":true}]}}