{"id":1089,"date":"2025-01-07T17:27:53","date_gmt":"2025-01-07T17:27:53","guid":{"rendered":"https:\/\/krimperium.shop\/?post_type=product&#038;p=1089"},"modified":"2025-01-07T17:33:06","modified_gmt":"2025-01-07T17:33:06","slug":"audifonos-inalambricos-vsg-gravity-sonido-7-1","status":"publish","type":"product","link":"https:\/\/krimperium.shop\/?product=audifonos-inalambricos-vsg-gravity-sonido-7-1","title":{"rendered":"Audifonos Inal\u00e1mbricos VSG Gravity Sonido 7.1"},"content":{"rendered":"<p>Especificaciones t\u00e9cnicas<br \/>\n\u2022 Resumen<br \/>\n\u2022 Diametro del altavoz: 50 mm<br \/>\n\u2022 Impedancia: 30 \u03a9<br \/>\n\u2022 Microfono desmontable: S\u00ed<br \/>\n\u2022 Patron polar del microfono: Cardioide<br \/>\n\u2022 Plataformas: PC \/ PS4-Slim-Pro \/ Xbox One-S-X \/ Switch \/ M\u00f3viles<br \/>\n\u2022 Rango de frecuencia: 20 &#8211; 23 KHz<br \/>\n\u2022 Sensibilidad spl: 88 dB<br \/>\n\u2022 Sistema de audio: Est\u00e9reo &#8211; 7.1 Virtual<br \/>\n\u2022 Altavoces Tipo Din\u00e1mico<br \/>\n\u2022 Di\u00e1metro 50 mm<br \/>\n\u2022 Impedancia 30 \u03a9<br \/>\n\u2022 Im\u00e1n Neodimio<br \/>\n\u2022 Material de la membrana PET<br \/>\n\u2022 Rango de frecuencia al\u00e1mbrico 20 &#8211; 23 KHz<br \/>\n\u2022 Rango de frecuencia inal\u00e1mbrico 20 &#8211; 20 KHz<br \/>\n\u2022 Distorsi\u00f3n total de harm\u00f3nicos (THD) 1%<br \/>\n\u2022 Sensibilidad (SPL) 88 dB<\/p>\n<p>\u2022 ATRACCI\u00d3N INTERESTELAR<br \/>\nGravity es el canalizador de esa fuerza incontrolable que hace que tus emociones leviten, moviendo tus impulsos desde tu cerebro hasta tus manos. Cada sonido est\u00e1 conectado a tu coraz\u00f3n y llegar\u00e1 a ti con el poder de la verdadera atracci\u00f3n interestelar.<\/p>\n<p>&nbsp;<\/p>\n<p>\u2022 REPOSO INFINITO<br \/>\nEl control total de la gravedad permite a Gravity reposar en tus hombros de la manera m\u00e1s c\u00f3moda, rotando sus auriculares sobre su propio eje. Adem\u00e1s, la suavidad de sus almohadillas aseguran una experiencia gravitacional.<\/p>\n<p>\u2022 DIVAGA POR EL ESPACIO<br \/>\nAhora eres libre de las ataduras al\u00e1mbricas, podr\u00e1s alejarte de tu setup gamer hasta un rango m\u00e1ximo de 10 metros sin obst\u00e1culos en el camino ni intermitencias.<\/p>\n<p>\u2022 INMERSI\u00d3N SONORA<br \/>\nLa presencia del sonido envolvente 7.1 virtual te har\u00e1 sentir una inmersi\u00f3n completamente indescriptible con un amplio est\u00e9reo profundo y espacial sin distorsi\u00f3n.<\/p>\n<p>\u2022 10 HORAS DE PODER<br \/>\n10 horas continuas en las que solo tendr\u00e1s que preocuparte por una cosa: disfrutar de la experiencia interestelar.<\/p>\n<p>\u2022 VARIOS CAMINOS UN DESTINO<br \/>\nTe acompa\u00f1ar\u00e1 en tu PC o consola con el m\u00f3dulo de conexi\u00f3n inal\u00e1mbrica y en tu tablet o celular con la conexi\u00f3n al\u00e1mbrica Jack 3.5 mm gracias a su funcionalidad multiplataforma. D\u00e9jate llevar por la gravedad 0 en cualquier lugar del universo.<\/p>\n<p>\u2022 GRAVITY INCLUYE:<br \/>\nMicr\u00f3fono desmontable | M\u00f3dulo de conexi\u00f3n inal\u00e1mbrica | Cable con conector TRRS 3.5 mm | Cable con conector USB tipo-A a micro USB tipo-B.<\/p>\n<p>\u2022 Garant\u00eda : 12 Meses<\/p>\n","protected":false},"excerpt":{"rendered":"<p>Un Best-Seller Aclamado, Y Con Raz\u00f3n. El Kumara<br \/>\nEs Un Teclado Mec\u00e1nico TKL (Sin Pad Num\u00e9rico);<br \/>\nCompacto, Pero Ampliamente Funcional. Y Fuerte<br \/>\n\u2014Muy Fuerte\u2014, Gracias A Que Su Estructura Est\u00e1<br \/>\nReforzada Con Acero. Es Virtualmente Irrompible<br \/>\nY Tiene Una Durabilidad Extraordinaria.<\/p>\n","protected":false},"featured_media":1144,"comment_status":"closed","ping_status":"closed","template":"","meta":[],"product_brand":[],"product_cat":[27,29],"product_tag":[],"class_list":{"0":"post-1089","1":"product","2":"type-product","3":"status-publish","4":"has-post-thumbnail","6":"product_cat-diademas","7":"product_cat-inalambricas","9":"first","10":"instock","11":"sale","12":"shipping-taxable","13":"purchasable","14":"product-type-simple"},"_links":{"self":[{"href":"https:\/\/krimperium.shop\/index.php?rest_route=\/wp\/v2\/product\/1089","targetHints":{"allow":["GET"]}}],"collection":[{"href":"https:\/\/krimperium.shop\/index.php?rest_route=\/wp\/v2\/product"}],"about":[{"href":"https:\/\/krimperium.shop\/index.php?rest_route=\/wp\/v2\/types\/product"}],"replies":[{"embeddable":true,"href":"https:\/\/krimperium.shop\/index.php?rest_route=%2Fwp%2Fv2%2Fcomments&post=1089"}],"wp:featuredmedia":[{"embeddable":true,"href":"https:\/\/krimperium.shop\/index.php?rest_route=\/wp\/v2\/media\/1144"}],"wp:attachment":[{"href":"https:\/\/krimperium.shop\/index.php?rest_route=%2Fwp%2Fv2%2Fmedia&parent=1089"}],"wp:term":[{"taxonomy":"product_brand","embeddable":true,"href":"https:\/\/krimperium.shop\/index.php?rest_route=%2Fwp%2Fv2%2Fproduct_brand&post=1089"},{"taxonomy":"product_cat","embeddable":true,"href":"https:\/\/krimperium.shop\/index.php?rest_route=%2Fwp%2Fv2%2Fproduct_cat&post=1089"},{"taxonomy":"product_tag","embeddable":true,"href":"https:\/\/krimperium.shop\/index.php?rest_route=%2Fwp%2Fv2%2Fproduct_tag&post=1089"}],"curies":[{"name":"wp","href":"https:\/\/api.w.org\/{rel}","templated":true}]}}