{"id":1092,"date":"2025-01-07T17:27:54","date_gmt":"2025-01-07T17:27:54","guid":{"rendered":"https:\/\/krimperium.shop\/?post_type=product&#038;p=1092"},"modified":"2025-01-07T17:34:32","modified_gmt":"2025-01-07T17:34:32","slug":"audifonos-inalambricos-7-1-corsair-void-elite-carbon","status":"publish","type":"product","link":"https:\/\/krimperium.shop\/?product=audifonos-inalambricos-7-1-corsair-void-elite-carbon","title":{"rendered":"Aud\u00edfonos Inal\u00e1mbricos 7.1 Corsair Void Elite &#8211; Carbon"},"content":{"rendered":"<p>ESPECIFICACIONES T\u00c9CNICAS:<\/p>\n<p>\u2022 Alcance inal\u00e1mbrico de 12 m.<br \/>\n\u2022 La bater\u00eda dura 16 h.<br \/>\n\u2022 Con cancelaci\u00f3n de ruido.<br \/>\n\u2022 Con micr\u00f3fono incorporado.<br \/>\n\u2022 Formato del aud\u00edfono : Over-ear<br \/>\n\u2022 Sonido superior y sin l\u00edmites.<br \/>\n\u2022 C\u00f3modos y pr\u00e1cticos.<br \/>\n\u2022 Respuesta de frecuencia : 30000 Hz<br \/>\n\u2022 Impedancia : 2 Ohmio<br \/>\n\u2022 Control de ruido : Aislamiento Ac\u00fastico<br \/>\n\u2022 Tecnolog\u00eda de conectividad Inal\u00e1mbrico<br \/>\n\u2022 Tecnolog\u00eda de comunicaci\u00f3n inal\u00e1mbrica<br \/>\n\u2022 Cable para auriculares usb<br \/>\n\u2022 Dispositivos compatibles PC, PS4<br \/>\n\u2022 Material Aluminio<br \/>\n\u2022 Peso del art\u00edculo 14,1 Onzas<br \/>\n\u2022 Tiempo de carga 16 Horas<br \/>\n\u2022 Caracter\u00edsticas especiales Sin cables, Micr\u00f3fono incluido, Cancelaci\u00f3n de ruido<br \/>\n\u2022 Tipo de control Control de ruido<br \/>\n\u2022 Caracter\u00edstica del cable Sin cable<br \/>\n\u2022 Esc\u00fachelo todo con un sonido envolvente 7.1, desde la pisada m\u00e1s ligera hasta la explosi\u00f3n m\u00e1s atronadora, gracias a los transductores de audio de neodimio de alta densidad de 50 mm de ajuste personalizado con un rango de frecuencia ampliado de 20 Hz-30.000 Hz.<br \/>\n\u2022 Dise\u00f1ados para garantizar la comodidad en largas sesiones de juego, con un tejido de rejilla de microfibra transpirable y lujosas almohadillas de espuma con memoria.<\/p>\n<p>\u2022 Control de ruido: cancelaci\u00f3n de ruido. Tipo de ajuste de los auriculares: en la oreja<br \/>\n\u2022 Escucha todo, desde el paso m\u00e1s ligero hasta la mayor\u00eda. Explosi\u00f3n de trueno gracias a los controladores de audio de neodimio de alta densidad de 1.969 in ajustados a medida con un rango de frecuencia ampliado de 20 Hz a 30 000 Hz<br \/>\n\u2022 Construido para una comodidad duradera a trav\u00e9s de largas sesiones de juego con tela de malla de microfibra transpirable y almohadillas de espuma viscoel\u00e1stica de felpa<br \/>\n\u2022 Conecta de forma inal\u00e1mbrica a tu PC o PS4\/PS5 utilizando inal\u00e1mbrico de 2.4 GHz de baja latencia con el adaptador USB incluido<br \/>\n\u2022 Un micr\u00f3fono omnidireccional recoge tu voz con una claridad excepcional, con una funci\u00f3n de silencio abatible y un indicador de silencio LED integrado<br \/>\n\u2022 Construido para durar a\u00f1os de juegos con construcci\u00f3n duradera y yugos de aluminio<br \/>\n\u2022 Sonido envolvente 7.1 no compatible con dispositivos Apple M1 Chip.<\/p>\n","protected":false},"excerpt":{"rendered":"<p>Un Best-Seller Aclamado, Y Con Raz\u00f3n. El Kumara<br \/>\nEs Un Teclado Mec\u00e1nico TKL (Sin Pad Num\u00e9rico);<br \/>\nCompacto, Pero Ampliamente Funcional. Y Fuerte<br \/>\n\u2014Muy Fuerte\u2014, Gracias A Que Su Estructura Est\u00e1<br \/>\nReforzada Con Acero. Es Virtualmente Irrompible<br \/>\nY Tiene Una Durabilidad Extraordinaria.<\/p>\n","protected":false},"featured_media":1157,"comment_status":"closed","ping_status":"closed","template":"","meta":[],"product_brand":[],"product_cat":[27,29],"product_tag":[],"class_list":{"0":"post-1092","1":"product","2":"type-product","3":"status-publish","4":"has-post-thumbnail","6":"product_cat-diademas","7":"product_cat-inalambricas","9":"first","10":"instock","11":"sale","12":"shipping-taxable","13":"purchasable","14":"product-type-simple"},"_links":{"self":[{"href":"https:\/\/krimperium.shop\/index.php?rest_route=\/wp\/v2\/product\/1092","targetHints":{"allow":["GET"]}}],"collection":[{"href":"https:\/\/krimperium.shop\/index.php?rest_route=\/wp\/v2\/product"}],"about":[{"href":"https:\/\/krimperium.shop\/index.php?rest_route=\/wp\/v2\/types\/product"}],"replies":[{"embeddable":true,"href":"https:\/\/krimperium.shop\/index.php?rest_route=%2Fwp%2Fv2%2Fcomments&post=1092"}],"wp:featuredmedia":[{"embeddable":true,"href":"https:\/\/krimperium.shop\/index.php?rest_route=\/wp\/v2\/media\/1157"}],"wp:attachment":[{"href":"https:\/\/krimperium.shop\/index.php?rest_route=%2Fwp%2Fv2%2Fmedia&parent=1092"}],"wp:term":[{"taxonomy":"product_brand","embeddable":true,"href":"https:\/\/krimperium.shop\/index.php?rest_route=%2Fwp%2Fv2%2Fproduct_brand&post=1092"},{"taxonomy":"product_cat","embeddable":true,"href":"https:\/\/krimperium.shop\/index.php?rest_route=%2Fwp%2Fv2%2Fproduct_cat&post=1092"},{"taxonomy":"product_tag","embeddable":true,"href":"https:\/\/krimperium.shop\/index.php?rest_route=%2Fwp%2Fv2%2Fproduct_tag&post=1092"}],"curies":[{"name":"wp","href":"https:\/\/api.w.org\/{rel}","templated":true}]}}