{"id":1110,"date":"2025-01-07T17:28:58","date_gmt":"2025-01-07T17:28:58","guid":{"rendered":"https:\/\/krimperium.shop\/?post_type=product&#038;p=1110"},"modified":"2025-01-07T17:40:23","modified_gmt":"2025-01-07T17:40:23","slug":"mouse-logitech-g203-g-series-rgb-lightsync","status":"publish","type":"product","link":"https:\/\/krimperium.shop\/?product=mouse-logitech-g203-g-series-rgb-lightsync","title":{"rendered":"Mouse Logitech G203  G Series RGB LIGHTSYNC"},"content":{"rendered":"<p>ESPECIFICACIONES T\u00c9CNICAS:<\/p>\n<p>CARACTER\u00cdSTICAS<br \/>\n\u2022 8 veces m\u00e1s r\u00e1pido mouse est\u00e1ndar<br \/>\n\u2022 Dise\u00f1o cl\u00e1sico inspirado en Logitech G100S<br \/>\n\u2022 Iluminaci\u00f3n RGB LIGHTSYNC<br \/>\n\u2022 Memoria integrada, Uso mediante Logitech G HUB<br \/>\n\u2022 Resoluci\u00f3n: 200 &#8211; 8,000 dpi<br \/>\n\u2022 Cero alisado \/ aceleraci\u00f3n \/ filtrado<br \/>\n\u2022 Max. aceleraci\u00f3n:&gt; 25 G<br \/>\n\u2022 Max. velocidad:&gt; 200 IPS<\/p>\n<p>\u2022 SENSIBILIDAD<br \/>\n\u2022 Formato de datos USB: 16 bits \/ eje<br \/>\n\u2022 Tasa de informe USB: 1000 Hz (1 ms)<br \/>\n\u2022 Microprocesador: ARM de 32 bits.<\/p>\n<p>DURABILIDAD<br \/>\n\u2022 Botones (izquierda \/ derecha): 10 millones de clics<br \/>\n\u2022 Pies de PTFE: 250 kil\u00f3metros<\/p>\n<p>OTRAS CARACTER\u00cdSTICAS<br \/>\n\u2022 Memoria a bordo: 1 perfil<\/p>\n<p>REQUISITOS DEL SISTEMA<br \/>\n\u2022 Windows\u00ae 7 o posterior<br \/>\n\u2022 macOS\u00ae 10.11 o posterior<br \/>\n\u2022 Chrome OS TM<br \/>\n\u2022 Puerto USB<br \/>\n\u2022 Acceso a Internet para Logitech Gaming Software (opcional)<\/p>\n<p>CONTENIDO DE LA CAJA<br \/>\n\u2022 Mouse Gamer G203<br \/>\n\u2022 Guia de usuario<\/p>\n<p>RGB LIGHTSYNC<br \/>\n\u2022 Elige entre animaciones vibrantes y ajustes seg\u00fan el juego, o programa tus propios ajustes con unos 16,8 millones de colores a tu disposici\u00f3n. El G203 LightSync te permite eligir un color, combina tres, selecciona un divertido preajuste de animaci\u00f3n o crear uno propio utilizando el software G HUB<\/p>\n<p>\u2022 Logitech dise\u00f1a productos y experiencias que ocupan un lugar cotidiano en la vida de las personas, poniendo foco en la innovaci\u00f3n y la calidad. Su objetivo es crear momentos verdaderamente \u00fanicos y significativos para sus usuarios. Los mouses Logitech se adaptan a la forma de tu mano para proporcionarte horas de comodidad. Sin necesidad de mover el brazo para deslizar el cursor, tu mano se fatigar\u00e1 menos. Son ideales para cualquier espacio de trabajo y quienes tienen la mesa llena de diversos objetos.<\/p>\n<p>\u2022 Adaptado a tus movimientos<br \/>\nEl mouse de juego te ofrecer\u00e1 la posibilidad de marcar la diferencia y sacar ventajas en tus partidas. Su conectividad y sensor suave ayudar\u00e1 a que te desplaces r\u00e1pido por la pantalla.<\/p>\n<p>\u2022 La funcionalidad al alcance de tu mano<br \/>\nEl sistema de detecci\u00f3n de movimiento \u00f3ptico te permitir\u00e1 mover el cursor de una manera m\u00e1s precisa y sensible que en los sistemas tradicionales.<\/p>\n<p>\u2022 Plug And Play<br \/>\nSolo debes colocar el receptor en un puerto USB de la computadora y ya puedes empezar a usarlo. No hace falta emparejar el mouse ni descargar software para utilizarlo.<\/p>\n<p>Apto para f\u00e1cil traslado<br \/>\nNavega r\u00e1pidamente por documentos y p\u00e1ginas web gracias su dise\u00f1o ultra delgado, ergon\u00f3mico, liviano y conveniente para llevar a donde quieras o viajar.<\/p>\n","protected":false},"excerpt":{"rendered":"<p>Un Best-Seller Aclamado, Y Con Raz\u00f3n. El Kumara<br \/>\nEs Un Teclado Mec\u00e1nico TKL (Sin Pad Num\u00e9rico);<br \/>\nCompacto, Pero Ampliamente Funcional. Y Fuerte<br \/>\n\u2014Muy Fuerte\u2014, Gracias A Que Su Estructura Est\u00e1<br \/>\nReforzada Con Acero. Es Virtualmente Irrompible<br \/>\nY Tiene Una Durabilidad Extraordinaria.<\/p>\n","protected":false},"featured_media":1198,"comment_status":"closed","ping_status":"closed","template":"","meta":[],"product_brand":[],"product_cat":[31,30],"product_tag":[],"class_list":{"0":"post-1110","1":"product","2":"type-product","3":"status-publish","4":"has-post-thumbnail","6":"product_cat-alambricos","7":"product_cat-mouses","9":"first","10":"instock","11":"sale","12":"shipping-taxable","13":"purchasable","14":"product-type-simple"},"_links":{"self":[{"href":"https:\/\/krimperium.shop\/index.php?rest_route=\/wp\/v2\/product\/1110","targetHints":{"allow":["GET"]}}],"collection":[{"href":"https:\/\/krimperium.shop\/index.php?rest_route=\/wp\/v2\/product"}],"about":[{"href":"https:\/\/krimperium.shop\/index.php?rest_route=\/wp\/v2\/types\/product"}],"replies":[{"embeddable":true,"href":"https:\/\/krimperium.shop\/index.php?rest_route=%2Fwp%2Fv2%2Fcomments&post=1110"}],"wp:featuredmedia":[{"embeddable":true,"href":"https:\/\/krimperium.shop\/index.php?rest_route=\/wp\/v2\/media\/1198"}],"wp:attachment":[{"href":"https:\/\/krimperium.shop\/index.php?rest_route=%2Fwp%2Fv2%2Fmedia&parent=1110"}],"wp:term":[{"taxonomy":"product_brand","embeddable":true,"href":"https:\/\/krimperium.shop\/index.php?rest_route=%2Fwp%2Fv2%2Fproduct_brand&post=1110"},{"taxonomy":"product_cat","embeddable":true,"href":"https:\/\/krimperium.shop\/index.php?rest_route=%2Fwp%2Fv2%2Fproduct_cat&post=1110"},{"taxonomy":"product_tag","embeddable":true,"href":"https:\/\/krimperium.shop\/index.php?rest_route=%2Fwp%2Fv2%2Fproduct_tag&post=1110"}],"curies":[{"name":"wp","href":"https:\/\/api.w.org\/{rel}","templated":true}]}}