{"id":1312,"date":"2025-01-07T17:52:08","date_gmt":"2025-01-07T17:52:08","guid":{"rendered":"https:\/\/krimperium.shop\/?post_type=product&#038;p=1312"},"modified":"2025-01-07T18:00:32","modified_gmt":"2025-01-07T18:00:32","slug":"teclado-membrana-xtech-510s","status":"publish","type":"product","link":"https:\/\/krimperium.shop\/?product=teclado-membrana-xtech-510s","title":{"rendered":"TECLADO MEMBRANA XTECH 510S"},"content":{"rendered":"<p>ESPECIFICACIONES T\u00c9CNICAS:<\/p>\n<p>Tipo Teclado para videojuegos con cable<br \/>\n\u2022 Idioma Espa\u00f1ol &#8211; Membrana<br \/>\n\u2022 N\u00famero de teclas 105<br \/>\n\u2022 Teclas multimedia 12 a trav\u00e9s de la tecla Fn, se activan las siguientes funciones: Inicio, E-mail, Reproducci\u00f3n\/Pausa, Detener, Retroceder, Avanzar, Subir volumen, Bajar volumen, Enmudecimiento, Bloqueo del teclado y Calculadora<br \/>\n\u2022 Interfaz USB<br \/>\n\u2022 Luz de fondo Iluminaci\u00f3n LED multicolor<br \/>\n\u2022 Indicadores Bloqueo de teclas NUM, MAY\u00daS y de DESPL<br \/>\n\u2022 Requisitos del sistema Familia de Windows<br \/>\n\u2022 Dimensiones (LaxAnxAl) 43,8\u00d717,6\u00d74,17 \u00b10.5cm<br \/>\n\u2022 Peso 621,3g \u00b15g<br \/>\n\u2022 Longitud del cable 1,8m<br \/>\n\u2022 Garant\u00eda 12 Meses<\/p>\n<p>\u2022 Luz de fondo multicolor: iluminaci\u00f3n LED con efectos de luz de encendido\/apagado, est\u00e1tica y de respiraci\u00f3n<br \/>\n\u2022 12 teclas multimedia dedicadas: acceso y control instant\u00e1neos de su m\u00fasica, videos, correo electr\u00f3nico y m\u00e1s<br \/>\n\u2022 Conexi\u00f3n USB Plug and Play: no se requieren controladores ni instalaci\u00f3n de software<br \/>\n\u2022 Ergon\u00f3mico: reposamanos integrado con acabado texturizado<br \/>\n\u2022 Pies de goma antideslizantes: brindan una excelente estabilidad<\/p>\n","protected":false},"excerpt":{"rendered":"<p>Un Best-Seller Aclamado, Y Con Raz\u00f3n. El Kumara<br \/>\nEs Un Teclado Mec\u00e1nico TKL (Sin Pad Num\u00e9rico);<br \/>\nCompacto, Pero Ampliamente Funcional. Y Fuerte<br \/>\n\u2014Muy Fuerte\u2014, Gracias A Que Su Estructura Est\u00e1<br \/>\nReforzada Con Acero. Es Virtualmente Irrompible<br \/>\nY Tiene Una Durabilidad Extraordinaria.<\/p>\n","protected":false},"featured_media":1381,"comment_status":"closed","ping_status":"closed","template":"","meta":[],"product_brand":[],"product_cat":[25,22],"product_tag":[],"class_list":{"0":"post-1312","1":"product","2":"type-product","3":"status-publish","4":"has-post-thumbnail","6":"product_cat-25","7":"product_cat-teclados","9":"first","10":"outofstock","11":"shipping-taxable","12":"purchasable","13":"product-type-simple"},"_links":{"self":[{"href":"https:\/\/krimperium.shop\/index.php?rest_route=\/wp\/v2\/product\/1312","targetHints":{"allow":["GET"]}}],"collection":[{"href":"https:\/\/krimperium.shop\/index.php?rest_route=\/wp\/v2\/product"}],"about":[{"href":"https:\/\/krimperium.shop\/index.php?rest_route=\/wp\/v2\/types\/product"}],"replies":[{"embeddable":true,"href":"https:\/\/krimperium.shop\/index.php?rest_route=%2Fwp%2Fv2%2Fcomments&post=1312"}],"wp:featuredmedia":[{"embeddable":true,"href":"https:\/\/krimperium.shop\/index.php?rest_route=\/wp\/v2\/media\/1381"}],"wp:attachment":[{"href":"https:\/\/krimperium.shop\/index.php?rest_route=%2Fwp%2Fv2%2Fmedia&parent=1312"}],"wp:term":[{"taxonomy":"product_brand","embeddable":true,"href":"https:\/\/krimperium.shop\/index.php?rest_route=%2Fwp%2Fv2%2Fproduct_brand&post=1312"},{"taxonomy":"product_cat","embeddable":true,"href":"https:\/\/krimperium.shop\/index.php?rest_route=%2Fwp%2Fv2%2Fproduct_cat&post=1312"},{"taxonomy":"product_tag","embeddable":true,"href":"https:\/\/krimperium.shop\/index.php?rest_route=%2Fwp%2Fv2%2Fproduct_tag&post=1312"}],"curies":[{"name":"wp","href":"https:\/\/api.w.org\/{rel}","templated":true}]}}