{"id":1351,"date":"2025-01-07T17:55:51","date_gmt":"2025-01-07T17:55:51","guid":{"rendered":"https:\/\/krimperium.shop\/?post_type=product&#038;p=1351"},"modified":"2025-01-07T18:05:59","modified_gmt":"2025-01-07T18:05:59","slug":"audifonos-eris-vsg-multiplataforma-conex-3-5mm","status":"publish","type":"product","link":"https:\/\/krimperium.shop\/?product=audifonos-eris-vsg-multiplataforma-conex-3-5mm","title":{"rendered":"Aud\u00edfonos Eris Vsg Multiplataforma Conex 3.5Mm"},"content":{"rendered":"<p>ESPECIFICACIONES T\u00c9CNICAS:<\/p>\n<p>\u2022 Aud\u00edfono In-ear por conexi\u00f3n TRRS 3.5 mm (jack), multiplataforma, auriculares de 10 mm, micr\u00f3fono desmontable 3.5 mm MMCX y cable doble trenzado flexible.<br \/>\n\u2022 Su dise\u00f1o Intraural de estructura cerrada y ligera de 16 g est\u00e1 equipado con tips de silicona y memory foam en 3 fijaciones, dise\u00f1adas para encajar perfectamente con la anatom\u00eda de tu oreja.<br \/>\n\u2022 Su micr\u00f3fono principal es condensador de electreto y omnidireccional de conexi\u00f3n 3.5 mm MMCX. Tambi\u00e9n cuenta con micr\u00f3fono secundario, ubicado en el controlador.<br \/>\n\u2022 Su cable es de gama alta, doble, flexible y est\u00e9tico. Con controlador multimedia y entrada TRRS (jack) de 3.5 mm para adaptarse a m\u00e1s terrenos y plataformas.<br \/>\n\u2022 Diametro del altavoz: 10 mm<br \/>\n\u2022 Impedancia: 16 \u03a9<br \/>\n\u2022 Microfono desmontable: S\u00ed<br \/>\n\u2022 Patron polar del microfono: Omnidireccional<br \/>\n\u2022 Plataformas: PC\/PS4-Slim-Pro\/Xbox One-S-X\/Switch\/M\u00f3viles<br \/>\n\u2022 Rango de frecuencia: 20-20.000 KHz<br \/>\n\u2022 Sensibilidad spl: 98 db<br \/>\n\u2022 Sistema de audio: Est\u00e9reo<br \/>\n\u2022 Material del case ABS + PVC<br \/>\n\u2022 Garant\u00eda : 12 Meses<\/p>\n","protected":false},"excerpt":{"rendered":"<p>Un Best-Seller Aclamado, Y Con Raz\u00f3n. El Kumara<br \/>\nEs Un Teclado Mec\u00e1nico TKL (Sin Pad Num\u00e9rico);<br \/>\nCompacto, Pero Ampliamente Funcional. Y Fuerte<br \/>\n\u2014Muy Fuerte\u2014, Gracias A Que Su Estructura Est\u00e1<br \/>\nReforzada Con Acero. Es Virtualmente Irrompible<br \/>\nY Tiene Una Durabilidad Extraordinaria.<\/p>\n","protected":false},"featured_media":1427,"comment_status":"closed","ping_status":"closed","template":"","meta":[],"product_brand":[],"product_cat":[28,27],"product_tag":[],"class_list":{"0":"post-1351","1":"product","2":"type-product","3":"status-publish","4":"has-post-thumbnail","6":"product_cat-alambricas","7":"product_cat-diademas","9":"first","10":"outofstock","11":"shipping-taxable","12":"purchasable","13":"product-type-simple"},"_links":{"self":[{"href":"https:\/\/krimperium.shop\/index.php?rest_route=\/wp\/v2\/product\/1351","targetHints":{"allow":["GET"]}}],"collection":[{"href":"https:\/\/krimperium.shop\/index.php?rest_route=\/wp\/v2\/product"}],"about":[{"href":"https:\/\/krimperium.shop\/index.php?rest_route=\/wp\/v2\/types\/product"}],"replies":[{"embeddable":true,"href":"https:\/\/krimperium.shop\/index.php?rest_route=%2Fwp%2Fv2%2Fcomments&post=1351"}],"wp:featuredmedia":[{"embeddable":true,"href":"https:\/\/krimperium.shop\/index.php?rest_route=\/wp\/v2\/media\/1427"}],"wp:attachment":[{"href":"https:\/\/krimperium.shop\/index.php?rest_route=%2Fwp%2Fv2%2Fmedia&parent=1351"}],"wp:term":[{"taxonomy":"product_brand","embeddable":true,"href":"https:\/\/krimperium.shop\/index.php?rest_route=%2Fwp%2Fv2%2Fproduct_brand&post=1351"},{"taxonomy":"product_cat","embeddable":true,"href":"https:\/\/krimperium.shop\/index.php?rest_route=%2Fwp%2Fv2%2Fproduct_cat&post=1351"},{"taxonomy":"product_tag","embeddable":true,"href":"https:\/\/krimperium.shop\/index.php?rest_route=%2Fwp%2Fv2%2Fproduct_tag&post=1351"}],"curies":[{"name":"wp","href":"https:\/\/api.w.org\/{rel}","templated":true}]}}