{"id":1352,"date":"2025-01-07T17:55:52","date_gmt":"2025-01-07T17:55:52","guid":{"rendered":"https:\/\/krimperium.shop\/?post_type=product&#038;p=1352"},"modified":"2025-01-07T18:06:35","modified_gmt":"2025-01-07T18:06:35","slug":"redragon-h260-hylas-wht","status":"publish","type":"product","link":"https:\/\/krimperium.shop\/?product=redragon-h260-hylas-wht","title":{"rendered":"Redragon H260 HYLAS WHT"},"content":{"rendered":"<p>ESPECIFICACIONES T\u00c9CNICAS:<\/p>\n<p>\u2022 Los pruebas, te los quedas.<br \/>\nSi a las suaves y acolchadas copas del Hylas, le sumas la precisi\u00f3n de audio est\u00e9reo, no querr\u00e1s quit\u00e1rtelos nunca. Los controladores direccionales de neodimio ofrecen una nitidez de sonido \u00fanica, que se complementa perfectamente con su avanzado aislamiento de ruido pasivo. Prep\u00e1rate para escuchar cada detalle: el fuego enemigo, los pasos de tu oponente, \u00a1todo lo que necesitas para ganar!<\/p>\n<p>&nbsp;<\/p>\n<p>\u2022 Tipo de salida: Stereo.<br \/>\n\u2022 Tipo de copa: Circumaurales (este tipo de auriculares se coloca rodeando completamente la oreja). Tacto suave.<br \/>\n\u2022 Material Diadema: Pl\u00e1stica, almohadilla de tela sint\u00e9tica de tela suave y duradera.<br \/>\n\u2022 Vibraci\u00f3n: No.<br \/>\n\u2022 Frecuencia de Respuesta: 20 &#8211; 20k Hz<br \/>\n\u2022 Impedancia: 16 Ohm.<br \/>\n\u2022 Di\u00e1metro del diafragma: 50 mm con imanes de neodimio.<br \/>\n\u2022 Sensibilidad: 110 dB<br \/>\n\u2022 Retroiluminaci\u00f3n: Si, retroiluminado RGB.<br \/>\n\u2022 Tipo de cable: 2 m. mallado en tela de alta resistencia.<br \/>\n\u2022 Conectores: 3.5 mm. enchapados en oro para audio y micr\u00f3fono + USB para alimentar retroiluminaci\u00f3n.<br \/>\n\u2022 Peso: 295 grs.<br \/>\n\u2022 Software: No.<br \/>\n\u2022 Impedancia: 2.2k Ohm<br \/>\n\u2022 Sensibilidad: -38 dB+\/-3 dB<br \/>\n\u2022 Tipo de micr\u00f3fono y captaci\u00f3n: Omnidireccional,fijo y flexible.<br \/>\n\u2022 Extras: Control de volumen en auricular, Iluminaci\u00f3n RGB en copas de auricular.<br \/>\n\u2022 Contenido de la caja: auriculares, manual, adaptador 2&#215;1 auriculares y micr\u00f3fono,<br \/>\n\u2022 Garant\u00eda : 12 Meses<\/p>\n<p>\u2022 Lleva el color a todas partes.<br \/>\nEl Hylas es un auricular super completo: viene equipado con retroiluminaci\u00f3n RGB y control de volumen integrado. Podr\u00e1s conectarlos a tu Xbox One, Nintendo Switch, PlayStation, PS4, PS5, MAC, PC o port\u00e1til. Disfruta de una gran calidad de sonido y comparte toda su belleza donde quieras, y cuando quieras.<\/p>\n","protected":false},"excerpt":{"rendered":"<p>Un Best-Seller Aclamado, Y Con Raz\u00f3n. El Kumara<br \/>\nEs Un Teclado Mec\u00e1nico TKL (Sin Pad Num\u00e9rico);<br \/>\nCompacto, Pero Ampliamente Funcional. Y Fuerte<br \/>\n\u2014Muy Fuerte\u2014, Gracias A Que Su Estructura Est\u00e1<br \/>\nReforzada Con Acero. Es Virtualmente Irrompible<br \/>\nY Tiene Una Durabilidad Extraordinaria.<\/p>\n","protected":false},"featured_media":1437,"comment_status":"closed","ping_status":"closed","template":"","meta":[],"product_brand":[],"product_cat":[28,27],"product_tag":[],"class_list":{"0":"post-1352","1":"product","2":"type-product","3":"status-publish","4":"has-post-thumbnail","6":"product_cat-alambricas","7":"product_cat-diademas","9":"first","10":"outofstock","11":"shipping-taxable","12":"purchasable","13":"product-type-simple"},"_links":{"self":[{"href":"https:\/\/krimperium.shop\/index.php?rest_route=\/wp\/v2\/product\/1352","targetHints":{"allow":["GET"]}}],"collection":[{"href":"https:\/\/krimperium.shop\/index.php?rest_route=\/wp\/v2\/product"}],"about":[{"href":"https:\/\/krimperium.shop\/index.php?rest_route=\/wp\/v2\/types\/product"}],"replies":[{"embeddable":true,"href":"https:\/\/krimperium.shop\/index.php?rest_route=%2Fwp%2Fv2%2Fcomments&post=1352"}],"wp:featuredmedia":[{"embeddable":true,"href":"https:\/\/krimperium.shop\/index.php?rest_route=\/wp\/v2\/media\/1437"}],"wp:attachment":[{"href":"https:\/\/krimperium.shop\/index.php?rest_route=%2Fwp%2Fv2%2Fmedia&parent=1352"}],"wp:term":[{"taxonomy":"product_brand","embeddable":true,"href":"https:\/\/krimperium.shop\/index.php?rest_route=%2Fwp%2Fv2%2Fproduct_brand&post=1352"},{"taxonomy":"product_cat","embeddable":true,"href":"https:\/\/krimperium.shop\/index.php?rest_route=%2Fwp%2Fv2%2Fproduct_cat&post=1352"},{"taxonomy":"product_tag","embeddable":true,"href":"https:\/\/krimperium.shop\/index.php?rest_route=%2Fwp%2Fv2%2Fproduct_tag&post=1352"}],"curies":[{"name":"wp","href":"https:\/\/api.w.org\/{rel}","templated":true}]}}