{"id":1385,"date":"2025-01-07T18:00:34","date_gmt":"2025-01-07T18:00:34","guid":{"rendered":"https:\/\/krimperium.shop\/?post_type=product&#038;p=1385"},"modified":"2025-01-07T18:12:06","modified_gmt":"2025-01-07T18:12:06","slug":"control-joystick-inalambrico-vsg-tarvos-negro","status":"publish","type":"product","link":"https:\/\/krimperium.shop\/?product=control-joystick-inalambrico-vsg-tarvos-negro","title":{"rendered":"Control joystick inal\u00e1mbrico VSG Tarvos negro"},"content":{"rendered":"<p>Aquellos gamers exc\u00e9ntricos capaces de dominar los escenarios m\u00e1s extremos con su personalidad, ser\u00e1n dignos de portar a Tarvos. Su calidad y comodidad te acompa\u00f1ar\u00e1n a extender tu pasi\u00f3n a otros planetas.<\/p>\n<p>&nbsp;<\/p>\n<p>\u2022 Controlador : Inal\u00e1mbrico bluetooth + 2.4 GHz<br \/>\n\u2022 Tama\u00f1o : 154 x 111 x 59 mm<br \/>\n\u2022 Peso : 198 g \u00b1 10 g<br \/>\n\u2022 Longitud del cable : 1m<br \/>\n\u2022 Material : ABS<br \/>\n\u2022 Bateter\u00eda : Bater\u00eda ion litio recargable de 600 mAh<br \/>\n\u2022 Duraci\u00f3n : 10 horas en uso \/ tiempo de carga: 2 &#8211; 3 horas<br \/>\n\u2022 Vibraci\u00f3n : Con motores dobles en el interior Gatillos adicionales : 2 &#8211; 4<br \/>\n\u2022 Plataformas \u2022 PC, Switch, Android, PS3<br \/>\n\u2022 Garant\u00eda : 12 meses<\/p>\n","protected":false},"excerpt":{"rendered":"<p>Aquellos gamers exc\u00e9ntricos capaces de dominar los escenarios m\u00e1s extremos con su personalidad, ser\u00e1n dignos de portar a Tarvos. Su calidad y comodidad te acompa\u00f1ar\u00e1n a extender tu pasi\u00f3n a otros planetas. &nbsp; \u2022 Controlador : Inal\u00e1mbrico bluetooth + 2.4 GHz \u2022 Tama\u00f1o : 154 x 111 x 59 mm \u2022 Peso : 198 g [&hellip;]<\/p>\n","protected":false},"featured_media":1477,"comment_status":"closed","ping_status":"closed","template":"","meta":[],"product_brand":[],"product_cat":[37],"product_tag":[],"class_list":{"0":"post-1385","1":"product","2":"type-product","3":"status-publish","4":"has-post-thumbnail","6":"product_cat-accesorios","8":"first","9":"instock","10":"sale","11":"shipping-taxable","12":"purchasable","13":"product-type-simple"},"_links":{"self":[{"href":"https:\/\/krimperium.shop\/index.php?rest_route=\/wp\/v2\/product\/1385","targetHints":{"allow":["GET"]}}],"collection":[{"href":"https:\/\/krimperium.shop\/index.php?rest_route=\/wp\/v2\/product"}],"about":[{"href":"https:\/\/krimperium.shop\/index.php?rest_route=\/wp\/v2\/types\/product"}],"replies":[{"embeddable":true,"href":"https:\/\/krimperium.shop\/index.php?rest_route=%2Fwp%2Fv2%2Fcomments&post=1385"}],"wp:featuredmedia":[{"embeddable":true,"href":"https:\/\/krimperium.shop\/index.php?rest_route=\/wp\/v2\/media\/1477"}],"wp:attachment":[{"href":"https:\/\/krimperium.shop\/index.php?rest_route=%2Fwp%2Fv2%2Fmedia&parent=1385"}],"wp:term":[{"taxonomy":"product_brand","embeddable":true,"href":"https:\/\/krimperium.shop\/index.php?rest_route=%2Fwp%2Fv2%2Fproduct_brand&post=1385"},{"taxonomy":"product_cat","embeddable":true,"href":"https:\/\/krimperium.shop\/index.php?rest_route=%2Fwp%2Fv2%2Fproduct_cat&post=1385"},{"taxonomy":"product_tag","embeddable":true,"href":"https:\/\/krimperium.shop\/index.php?rest_route=%2Fwp%2Fv2%2Fproduct_tag&post=1385"}],"curies":[{"name":"wp","href":"https:\/\/api.w.org\/{rel}","templated":true}]}}