{"id":1449,"date":"2025-01-07T18:07:09","date_gmt":"2025-01-07T18:07:09","guid":{"rendered":"https:\/\/krimperium.shop\/?post_type=product&#038;p=1449"},"modified":"2025-01-07T18:22:48","modified_gmt":"2025-01-07T18:22:48","slug":"mouse-gamer-rgb-fantech-phantom-x15-negro","status":"publish","type":"product","link":"https:\/\/krimperium.shop\/?product=mouse-gamer-rgb-fantech-phantom-x15-negro","title":{"rendered":"Mouse Gamer Rgb Fantech Phantom X15 Negro"},"content":{"rendered":"<p>\u2022 Equipado con sensor de juego avanzado, con hasta 4.800 ppp ajustables sobre la marcha.<br \/>\n\u2022 Realice los movimientos correctos en cualquier situaci\u00f3n de juego.<br \/>\n\u2022 Con 16.8 millones de colores RGB, har\u00e1 que su tiempo de juego sea m\u00e1s emocionante mientras ilumina a sus oponentes.<br \/>\n\u2022 Ajuste las luces PHANTOM X15 RGB, laasignaci\u00f3n de botones, la edici\u00f3n de macros, la sensibilidad y otras funciones a trav\u00e9s de nuestro software<br \/>\n\u2022 PERSONALIZATION +. DPI: 200-4,800<br \/>\n\u2022 IPS: 60\/15G<br \/>\n\u2022 Polling Rate: 1000Hz<\/p>\n","protected":false},"excerpt":{"rendered":"<p>\u2022 Equipado con sensor de juego avanzado, con hasta 4.800 ppp ajustables sobre la marcha. \u2022 Realice los movimientos correctos en cualquier situaci\u00f3n de juego. \u2022 Con 16.8 millones de colores RGB, har\u00e1 que su tiempo de juego sea m\u00e1s emocionante mientras ilumina a sus oponentes. \u2022 Ajuste las luces PHANTOM X15 RGB, laasignaci\u00f3n de [&hellip;]<\/p>\n","protected":false},"featured_media":1536,"comment_status":"closed","ping_status":"closed","template":"","meta":[],"product_brand":[],"product_cat":[30],"product_tag":[],"class_list":{"0":"post-1449","1":"product","2":"type-product","3":"status-publish","4":"has-post-thumbnail","6":"product_cat-mouses","8":"first","9":"instock","10":"sale","11":"shipping-taxable","12":"purchasable","13":"product-type-simple"},"_links":{"self":[{"href":"https:\/\/krimperium.shop\/index.php?rest_route=\/wp\/v2\/product\/1449","targetHints":{"allow":["GET"]}}],"collection":[{"href":"https:\/\/krimperium.shop\/index.php?rest_route=\/wp\/v2\/product"}],"about":[{"href":"https:\/\/krimperium.shop\/index.php?rest_route=\/wp\/v2\/types\/product"}],"replies":[{"embeddable":true,"href":"https:\/\/krimperium.shop\/index.php?rest_route=%2Fwp%2Fv2%2Fcomments&post=1449"}],"wp:featuredmedia":[{"embeddable":true,"href":"https:\/\/krimperium.shop\/index.php?rest_route=\/wp\/v2\/media\/1536"}],"wp:attachment":[{"href":"https:\/\/krimperium.shop\/index.php?rest_route=%2Fwp%2Fv2%2Fmedia&parent=1449"}],"wp:term":[{"taxonomy":"product_brand","embeddable":true,"href":"https:\/\/krimperium.shop\/index.php?rest_route=%2Fwp%2Fv2%2Fproduct_brand&post=1449"},{"taxonomy":"product_cat","embeddable":true,"href":"https:\/\/krimperium.shop\/index.php?rest_route=%2Fwp%2Fv2%2Fproduct_cat&post=1449"},{"taxonomy":"product_tag","embeddable":true,"href":"https:\/\/krimperium.shop\/index.php?rest_route=%2Fwp%2Fv2%2Fproduct_tag&post=1449"}],"curies":[{"name":"wp","href":"https:\/\/api.w.org\/{rel}","templated":true}]}}