{"id":1452,"date":"2025-01-07T18:07:09","date_gmt":"2025-01-07T18:07:09","guid":{"rendered":"https:\/\/krimperium.shop\/?post_type=product&#038;p=1452"},"modified":"2025-01-07T18:25:03","modified_gmt":"2025-01-07T18:25:03","slug":"teclado-fantech-fighter-ii-k613l-100-negro","status":"publish","type":"product","link":"https:\/\/krimperium.shop\/?product=teclado-fantech-fighter-ii-k613l-100-negro","title":{"rendered":"Teclado Fantech Fighter Ii K613L  100% Negro"},"content":{"rendered":"<p>\u2022 Tipo de interruptor: Membrana<br \/>\n\u2022 vida: 10 millones de clics<br \/>\n\u2022 Teclas multimedia: 12<br \/>\n\u2022 Anti-fantasma: 25 llaves<br \/>\n\u2022 Iluminaci\u00f3n: Modo retroiluminado<br \/>\n\u2022 Material superiorAleaci\u00f3n de aluminio<br \/>\n\u2022 Teclas: Inyecci\u00f3n doble<br \/>\n\u2022 Construcci\u00f3n del n\u00facleo: Pl\u00e1stico ABS<br \/>\n\u2022 Peso: 681gr sin cable<br \/>\n\u2022 Largo: 433 mm\/ Ancho: 130 mm\/ Altura: 40 mm<br \/>\n\u2022 cable: Nylon trenzado 1,5 m<\/p>\n","protected":false},"excerpt":{"rendered":"<p>\u2022 Tipo de interruptor: Membrana \u2022 vida: 10 millones de clics \u2022 Teclas multimedia: 12 \u2022 Anti-fantasma: 25 llaves \u2022 Iluminaci\u00f3n: Modo retroiluminado \u2022 Material superiorAleaci\u00f3n de aluminio \u2022 Teclas: Inyecci\u00f3n doble \u2022 Construcci\u00f3n del n\u00facleo: Pl\u00e1stico ABS \u2022 Peso: 681gr sin cable \u2022 Largo: 433 mm\/ Ancho: 130 mm\/ Altura: 40 mm \u2022 cable: [&hellip;]<\/p>\n","protected":false},"featured_media":1546,"comment_status":"closed","ping_status":"closed","template":"","meta":[],"product_brand":[],"product_cat":[25,22],"product_tag":[],"class_list":{"0":"post-1452","1":"product","2":"type-product","3":"status-publish","4":"has-post-thumbnail","6":"product_cat-25","7":"product_cat-teclados","9":"first","10":"outofstock","11":"shipping-taxable","12":"purchasable","13":"product-type-simple"},"_links":{"self":[{"href":"https:\/\/krimperium.shop\/index.php?rest_route=\/wp\/v2\/product\/1452","targetHints":{"allow":["GET"]}}],"collection":[{"href":"https:\/\/krimperium.shop\/index.php?rest_route=\/wp\/v2\/product"}],"about":[{"href":"https:\/\/krimperium.shop\/index.php?rest_route=\/wp\/v2\/types\/product"}],"replies":[{"embeddable":true,"href":"https:\/\/krimperium.shop\/index.php?rest_route=%2Fwp%2Fv2%2Fcomments&post=1452"}],"wp:featuredmedia":[{"embeddable":true,"href":"https:\/\/krimperium.shop\/index.php?rest_route=\/wp\/v2\/media\/1546"}],"wp:attachment":[{"href":"https:\/\/krimperium.shop\/index.php?rest_route=%2Fwp%2Fv2%2Fmedia&parent=1452"}],"wp:term":[{"taxonomy":"product_brand","embeddable":true,"href":"https:\/\/krimperium.shop\/index.php?rest_route=%2Fwp%2Fv2%2Fproduct_brand&post=1452"},{"taxonomy":"product_cat","embeddable":true,"href":"https:\/\/krimperium.shop\/index.php?rest_route=%2Fwp%2Fv2%2Fproduct_cat&post=1452"},{"taxonomy":"product_tag","embeddable":true,"href":"https:\/\/krimperium.shop\/index.php?rest_route=%2Fwp%2Fv2%2Fproduct_tag&post=1452"}],"curies":[{"name":"wp","href":"https:\/\/api.w.org\/{rel}","templated":true}]}}