{"id":1495,"date":"2025-01-07T18:15:10","date_gmt":"2025-01-07T18:15:10","guid":{"rendered":"https:\/\/krimperium.shop\/?post_type=product&#038;p=1495"},"modified":"2025-01-07T18:32:24","modified_gmt":"2025-01-07T18:32:24","slug":"mouse-logitech-g502-wireless-series-lightspeed","status":"publish","type":"product","link":"https:\/\/krimperium.shop\/?product=mouse-logitech-g502-wireless-series-lightspeed","title":{"rendered":"Mouse Logitech G502 Wireless Series Lightspeed"},"content":{"rendered":"<p>Es inal\u00e1mbrico.<br \/>\n\u2022 Incluye bater\u00eda recargable.<br \/>\n\u2022 Posee rueda de desplazamiento.<br \/>\n\u2022 Con luces para mejorar la experiencia de uso.<br \/>\n\u2022 Con sensor \u00f3ptico.<br \/>\n\u2022 Resoluci\u00f3n de 25600dpi.<br \/>\n\u2022 Creado para llevar a todas partes.<br \/>\n\u2022 Control inteligente y navegaci\u00f3n f\u00e1cil.<\/p>\n<p>Logitech dise\u00f1a productos y experiencias que ocupan un lugar cotidiano en la vida de las personas, poniendo foco en la innovaci\u00f3n y la calidad. Su objetivo es crear momentos verdaderamente \u00fanicos y significativos para sus usuarios. Los mouses Logitech se adaptan a la forma de tu mano para proporcionarte horas de comodidad. Sin necesidad de mover el brazo para deslizar el cursor, tu mano se fatigar\u00e1 menos. Son ideales para cualquier espacio de trabajo y quienes tienen la mesa llena de diversos objetos.<br \/>\nLos dispositivos Logitech cuentan con un dise\u00f1o ergon\u00f3mico pensado para tu confort. Lightspeed es una tecnolog\u00eda ultrarr\u00e1pida y confiable con desempe\u00f1o probado en competencias por profesionales. No vuelvas a preocuparte por la duraci\u00f3n de la bater\u00eda. Simplemente, el mouse se mantiene cargado.<br \/>\nLa funcionalidad al alcance de tu mano<br \/>\nEl sistema de detecci\u00f3n de movimiento \u00f3ptico te permitir\u00e1 mover el cursor de una manera m\u00e1s precisa y sensible que en los sistemas tradicionales.<\/p>\n<p>&nbsp;<\/p>\n","protected":false},"excerpt":{"rendered":"<p>Es inal\u00e1mbrico. \u2022 Incluye bater\u00eda recargable. \u2022 Posee rueda de desplazamiento. \u2022 Con luces para mejorar la experiencia de uso. \u2022 Con sensor \u00f3ptico. \u2022 Resoluci\u00f3n de 25600dpi. \u2022 Creado para llevar a todas partes. \u2022 Control inteligente y navegaci\u00f3n f\u00e1cil. Logitech dise\u00f1a productos y experiencias que ocupan un lugar cotidiano en la vida de [&hellip;]<\/p>\n","protected":false},"featured_media":1593,"comment_status":"closed","ping_status":"closed","template":"","meta":[],"product_brand":[],"product_cat":[53,30],"product_tag":[],"class_list":{"0":"post-1495","1":"product","2":"type-product","3":"status-publish","4":"has-post-thumbnail","6":"product_cat-inalambricos","7":"product_cat-mouses","9":"first","10":"outofstock","11":"sale","12":"shipping-taxable","13":"purchasable","14":"product-type-simple"},"_links":{"self":[{"href":"https:\/\/krimperium.shop\/index.php?rest_route=\/wp\/v2\/product\/1495","targetHints":{"allow":["GET"]}}],"collection":[{"href":"https:\/\/krimperium.shop\/index.php?rest_route=\/wp\/v2\/product"}],"about":[{"href":"https:\/\/krimperium.shop\/index.php?rest_route=\/wp\/v2\/types\/product"}],"replies":[{"embeddable":true,"href":"https:\/\/krimperium.shop\/index.php?rest_route=%2Fwp%2Fv2%2Fcomments&post=1495"}],"wp:featuredmedia":[{"embeddable":true,"href":"https:\/\/krimperium.shop\/index.php?rest_route=\/wp\/v2\/media\/1593"}],"wp:attachment":[{"href":"https:\/\/krimperium.shop\/index.php?rest_route=%2Fwp%2Fv2%2Fmedia&parent=1495"}],"wp:term":[{"taxonomy":"product_brand","embeddable":true,"href":"https:\/\/krimperium.shop\/index.php?rest_route=%2Fwp%2Fv2%2Fproduct_brand&post=1495"},{"taxonomy":"product_cat","embeddable":true,"href":"https:\/\/krimperium.shop\/index.php?rest_route=%2Fwp%2Fv2%2Fproduct_cat&post=1495"},{"taxonomy":"product_tag","embeddable":true,"href":"https:\/\/krimperium.shop\/index.php?rest_route=%2Fwp%2Fv2%2Fproduct_tag&post=1495"}],"curies":[{"name":"wp","href":"https:\/\/api.w.org\/{rel}","templated":true}]}}