{"id":1510,"date":"2025-01-07T18:17:46","date_gmt":"2025-01-07T18:17:46","guid":{"rendered":"https:\/\/krimperium.shop\/?post_type=product&#038;p=1510"},"modified":"2025-01-07T18:36:31","modified_gmt":"2025-01-07T18:36:31","slug":"audifonos-in-ear-gamer-inalambricos-haylou-gt1-pro","status":"publish","type":"product","link":"https:\/\/krimperium.shop\/?product=audifonos-in-ear-gamer-inalambricos-haylou-gt1-pro","title":{"rendered":"Aud\u00edfonos in-ear gamer inal\u00e1mbricos Haylou GT1 Pro"},"content":{"rendered":"<ul class=\"ui-vpp-highlighted-specs__features-list\">\n<li class=\"ui-vpp-highlighted-specs__features-list-item ui-pdp-color--BLACK ui-pdp-size--XSMALL ui-pdp-family--REGULAR\">Cuenta con tecnolog\u00eda True Wireless.<\/li>\n<li class=\"ui-vpp-highlighted-specs__features-list-item ui-pdp-color--BLACK ui-pdp-size--XSMALL ui-pdp-family--REGULAR\">Alcance inal\u00e1mbrico de 10\u00a0m.<\/li>\n<li class=\"ui-vpp-highlighted-specs__features-list-item ui-pdp-color--BLACK ui-pdp-size--XSMALL ui-pdp-family--REGULAR\">La bater\u00eda dura 3.5\u00a0h.<\/li>\n<li class=\"ui-vpp-highlighted-specs__features-list-item ui-pdp-color--BLACK ui-pdp-size--XSMALL ui-pdp-family--REGULAR\">Modo manos libres incluido.<\/li>\n<li class=\"ui-vpp-highlighted-specs__features-list-item ui-pdp-color--BLACK ui-pdp-size--XSMALL ui-pdp-family--REGULAR\">Con cancelaci\u00f3n de ruido.<\/li>\n<li class=\"ui-vpp-highlighted-specs__features-list-item ui-pdp-color--BLACK ui-pdp-size--XSMALL ui-pdp-family--REGULAR\">Con estuche de carga inal\u00e1mbrica.<\/li>\n<li class=\"ui-vpp-highlighted-specs__features-list-item ui-pdp-color--BLACK ui-pdp-size--XSMALL ui-pdp-family--REGULAR\">Con micr\u00f3fono incorporado.<\/li>\n<li class=\"ui-vpp-highlighted-specs__features-list-item ui-pdp-color--BLACK ui-pdp-size--XSMALL ui-pdp-family--REGULAR\">Resistentes al agua.<\/li>\n<li class=\"ui-vpp-highlighted-specs__features-list-item ui-pdp-color--BLACK ui-pdp-size--XSMALL ui-pdp-family--REGULAR\">Su clasificaci\u00f3n IP es IPX5.<\/li>\n<li class=\"ui-vpp-highlighted-specs__features-list-item ui-pdp-color--BLACK ui-pdp-size--XSMALL ui-pdp-family--REGULAR\">Uso apto para deporte.<\/li>\n<li class=\"ui-vpp-highlighted-specs__features-list-item ui-pdp-color--BLACK ui-pdp-size--XSMALL ui-pdp-family--REGULAR\">Sonido superior y sin l\u00edmites.<\/li>\n<li class=\"ui-vpp-highlighted-specs__features-list-item ui-pdp-color--BLACK ui-pdp-size--XSMALL ui-pdp-family--REGULAR\">C\u00f3modos y pr\u00e1cticos.<\/li>\n<li class=\"ui-vpp-highlighted-specs__features-list-item ui-pdp-color--BLACK ui-pdp-size--XSMALL ui-pdp-family--REGULAR\">La duraci\u00f3n de la bater\u00eda depende del uso que se le d\u00e9 al producto.<\/li>\n<li class=\"ui-vpp-highlighted-specs__features-list-item ui-pdp-color--BLACK ui-pdp-size--XSMALL ui-pdp-family--REGULAR\">Tama\u00f1o del altavoz: 7.2mm<\/li>\n<\/ul>\n","protected":false},"excerpt":{"rendered":"<p>Cuenta con tecnolog\u00eda True Wireless. Alcance inal\u00e1mbrico de 10\u00a0m. La bater\u00eda dura 3.5\u00a0h. Modo manos libres incluido. Con cancelaci\u00f3n de ruido. Con estuche de carga inal\u00e1mbrica. Con micr\u00f3fono incorporado. Resistentes al agua. Su clasificaci\u00f3n IP es IPX5. Uso apto para deporte. Sonido superior y sin l\u00edmites. C\u00f3modos y pr\u00e1cticos. La duraci\u00f3n de la bater\u00eda depende [&hellip;]<\/p>\n","protected":false},"featured_media":1614,"comment_status":"closed","ping_status":"closed","template":"","meta":[],"product_brand":[],"product_cat":[27,29],"product_tag":[],"class_list":{"0":"post-1510","1":"product","2":"type-product","3":"status-publish","4":"has-post-thumbnail","6":"product_cat-diademas","7":"product_cat-inalambricas","9":"first","10":"outofstock","11":"shipping-taxable","12":"purchasable","13":"product-type-simple"},"_links":{"self":[{"href":"https:\/\/krimperium.shop\/index.php?rest_route=\/wp\/v2\/product\/1510","targetHints":{"allow":["GET"]}}],"collection":[{"href":"https:\/\/krimperium.shop\/index.php?rest_route=\/wp\/v2\/product"}],"about":[{"href":"https:\/\/krimperium.shop\/index.php?rest_route=\/wp\/v2\/types\/product"}],"replies":[{"embeddable":true,"href":"https:\/\/krimperium.shop\/index.php?rest_route=%2Fwp%2Fv2%2Fcomments&post=1510"}],"wp:featuredmedia":[{"embeddable":true,"href":"https:\/\/krimperium.shop\/index.php?rest_route=\/wp\/v2\/media\/1614"}],"wp:attachment":[{"href":"https:\/\/krimperium.shop\/index.php?rest_route=%2Fwp%2Fv2%2Fmedia&parent=1510"}],"wp:term":[{"taxonomy":"product_brand","embeddable":true,"href":"https:\/\/krimperium.shop\/index.php?rest_route=%2Fwp%2Fv2%2Fproduct_brand&post=1510"},{"taxonomy":"product_cat","embeddable":true,"href":"https:\/\/krimperium.shop\/index.php?rest_route=%2Fwp%2Fv2%2Fproduct_cat&post=1510"},{"taxonomy":"product_tag","embeddable":true,"href":"https:\/\/krimperium.shop\/index.php?rest_route=%2Fwp%2Fv2%2Fproduct_tag&post=1510"}],"curies":[{"name":"wp","href":"https:\/\/api.w.org\/{rel}","templated":true}]}}