{"id":1512,"date":"2025-01-07T18:18:13","date_gmt":"2025-01-07T18:18:13","guid":{"rendered":"https:\/\/krimperium.shop\/?post_type=product&#038;p=1512"},"modified":"2025-01-07T18:37:16","modified_gmt":"2025-01-07T18:37:16","slug":"audifonos-in-ear-gamer-inalambricos-lenovo-livepods-lp6","status":"publish","type":"product","link":"https:\/\/krimperium.shop\/?product=audifonos-in-ear-gamer-inalambricos-lenovo-livepods-lp6","title":{"rendered":"Aud\u00edfonos In-ear Gamer Inal\u00e1mbricos Lenovo Livepods Lp6"},"content":{"rendered":"<ul>\n<li>Tipo de aud\u00edfonos: TWS<\/li>\n<li>Modo Gaming: Latencia de 45-65 ms<\/li>\n<li>Modo dual de sonido: Gaming y M\u00fasica<\/li>\n<li>Peso neto 27 gramos<\/li>\n<li>Tama\u00f1o Auriculares: 34x29x17mm<\/li>\n<li>Tama\u00f1o Estuche de carga: 45*24*46mm<\/li>\n<li>Con micr\u00f3fono incorporado<\/li>\n<li>Versi\u00f3n de bluetooth: 5.0<\/li>\n<li>Perfiles compatibles: HSP\/HFP\/A2DP\/AVRCP<\/li>\n<li>Distancia de transmisi\u00f3n de 33 pies (10m)<\/li>\n<li>Sensibilidad de Recepci\u00f3n: 107dB \u00b1 3dB<\/li>\n<li>Respuesta de frecuencia: 20-20kHz<\/li>\n<li>Capacidad de la bater\u00eda aud\u00edfono: 30mAh<\/li>\n<li>Caja de carga: 300mAh<\/li>\n<li>Carga Tipo-C<\/li>\n<\/ul>\n","protected":false},"excerpt":{"rendered":"<p>Tipo de aud\u00edfonos: TWS Modo Gaming: Latencia de 45-65 ms Modo dual de sonido: Gaming y M\u00fasica Peso neto 27 gramos Tama\u00f1o Auriculares: 34x29x17mm Tama\u00f1o Estuche de carga: 45*24*46mm Con micr\u00f3fono incorporado Versi\u00f3n de bluetooth: 5.0 Perfiles compatibles: HSP\/HFP\/A2DP\/AVRCP Distancia de transmisi\u00f3n de 33 pies (10m) Sensibilidad de Recepci\u00f3n: 107dB \u00b1 3dB Respuesta de frecuencia: [&hellip;]<\/p>\n","protected":false},"featured_media":1618,"comment_status":"closed","ping_status":"closed","template":"","meta":[],"product_brand":[],"product_cat":[27,29],"product_tag":[],"class_list":{"0":"post-1512","1":"product","2":"type-product","3":"status-publish","4":"has-post-thumbnail","6":"product_cat-diademas","7":"product_cat-inalambricas","9":"first","10":"outofstock","11":"sale","12":"shipping-taxable","13":"purchasable","14":"product-type-simple"},"_links":{"self":[{"href":"https:\/\/krimperium.shop\/index.php?rest_route=\/wp\/v2\/product\/1512","targetHints":{"allow":["GET"]}}],"collection":[{"href":"https:\/\/krimperium.shop\/index.php?rest_route=\/wp\/v2\/product"}],"about":[{"href":"https:\/\/krimperium.shop\/index.php?rest_route=\/wp\/v2\/types\/product"}],"replies":[{"embeddable":true,"href":"https:\/\/krimperium.shop\/index.php?rest_route=%2Fwp%2Fv2%2Fcomments&post=1512"}],"wp:featuredmedia":[{"embeddable":true,"href":"https:\/\/krimperium.shop\/index.php?rest_route=\/wp\/v2\/media\/1618"}],"wp:attachment":[{"href":"https:\/\/krimperium.shop\/index.php?rest_route=%2Fwp%2Fv2%2Fmedia&parent=1512"}],"wp:term":[{"taxonomy":"product_brand","embeddable":true,"href":"https:\/\/krimperium.shop\/index.php?rest_route=%2Fwp%2Fv2%2Fproduct_brand&post=1512"},{"taxonomy":"product_cat","embeddable":true,"href":"https:\/\/krimperium.shop\/index.php?rest_route=%2Fwp%2Fv2%2Fproduct_cat&post=1512"},{"taxonomy":"product_tag","embeddable":true,"href":"https:\/\/krimperium.shop\/index.php?rest_route=%2Fwp%2Fv2%2Fproduct_tag&post=1512"}],"curies":[{"name":"wp","href":"https:\/\/api.w.org\/{rel}","templated":true}]}}