{"id":1520,"date":"2025-01-07T18:19:35","date_gmt":"2025-01-07T18:19:35","guid":{"rendered":"https:\/\/krimperium.shop\/?post_type=product&#038;p=1520"},"modified":"2025-01-07T19:09:18","modified_gmt":"2025-01-07T19:09:18","slug":"teclado-mecanico-kumara-k552-sp-rgb-negro","status":"publish","type":"product","link":"https:\/\/krimperium.shop\/?product=teclado-mecanico-kumara-k552-sp-rgb-negro","title":{"rendered":"Teclado Mecanico Kumara K552-SP RGB Negro"},"content":{"rendered":"<ul>\n<li><strong>Tipo de interruptores<\/strong>: Mec\u00e1nicos<strong><br \/>\n<\/strong><\/li>\n<li><strong>Teclas Multimedia<\/strong>: Si, a tr\u00e1ves de tecla FN<\/li>\n<li><strong>Teclas Macro<\/strong>: No<\/li>\n<li><b>Switch : ROJO O AZUL (seleccionar)<\/b><\/li>\n<li><strong>Bloqueo Tecla Windows<\/strong>: Si<\/li>\n<li><strong>Tama\u00f1o teclado<\/strong>: Tenkeyless (sin pad n\u00famerico)<\/li>\n<li><strong>Reposa Mu\u00f1ecas<\/strong>: No<\/li>\n<li><strong>Retroiluminado<\/strong>: Si, RGB<\/li>\n<li><strong>Cable<\/strong>: Goma, reforzado. Soporta 12kg y 10000 flexiones. USB enchapado en oro y filtro anti interferencias<\/li>\n<li><strong>Matriz<\/strong>: 100% Anti-Ghosting con Full Key Rollover<\/li>\n<li><strong>Construcci\u00f3n<\/strong>: Pl\u00e1stico ABS reforzado y placa de acero<\/li>\n<li><strong>Peso<\/strong>: 1.06 kg<\/li>\n<li><strong>Dimensiones<\/strong>: 37.5\u00d715.5\u00d74.3 cm<\/li>\n<li><strong>Extras<\/strong>: Teclas moldeadas por inyecci\u00f3n l\u00e1ser de doble disparo, keypicker<\/li>\n<li><strong>Software<\/strong>: Si (Versi\u00f3n en espa\u00f1ol \u00fanicamente)<\/li>\n<\/ul>\n","protected":false},"excerpt":{"rendered":"<p>Tipo de interruptores: Mec\u00e1nicos Teclas Multimedia: Si, a tr\u00e1ves de tecla FN Teclas Macro: No Switch : ROJO O AZUL (seleccionar) Bloqueo Tecla Windows: Si Tama\u00f1o teclado: Tenkeyless (sin pad n\u00famerico) Reposa Mu\u00f1ecas: No Retroiluminado: Si, RGB Cable: Goma, reforzado. Soporta 12kg y 10000 flexiones. USB enchapado en oro y filtro anti interferencias Matriz: 100% [&hellip;]<\/p>\n","protected":false},"featured_media":1629,"comment_status":"closed","ping_status":"closed","template":"","meta":[],"product_brand":[],"product_cat":[26,22],"product_tag":[],"class_list":{"0":"post-1520","1":"product","2":"type-product","3":"status-publish","4":"has-post-thumbnail","6":"product_cat-producto","7":"product_cat-teclados","9":"first","10":"instock","11":"sale","12":"shipping-taxable","13":"purchasable","14":"product-type-variable"},"_links":{"self":[{"href":"https:\/\/krimperium.shop\/index.php?rest_route=\/wp\/v2\/product\/1520","targetHints":{"allow":["GET"]}}],"collection":[{"href":"https:\/\/krimperium.shop\/index.php?rest_route=\/wp\/v2\/product"}],"about":[{"href":"https:\/\/krimperium.shop\/index.php?rest_route=\/wp\/v2\/types\/product"}],"replies":[{"embeddable":true,"href":"https:\/\/krimperium.shop\/index.php?rest_route=%2Fwp%2Fv2%2Fcomments&post=1520"}],"wp:featuredmedia":[{"embeddable":true,"href":"https:\/\/krimperium.shop\/index.php?rest_route=\/wp\/v2\/media\/1629"}],"wp:attachment":[{"href":"https:\/\/krimperium.shop\/index.php?rest_route=%2Fwp%2Fv2%2Fmedia&parent=1520"}],"wp:term":[{"taxonomy":"product_brand","embeddable":true,"href":"https:\/\/krimperium.shop\/index.php?rest_route=%2Fwp%2Fv2%2Fproduct_brand&post=1520"},{"taxonomy":"product_cat","embeddable":true,"href":"https:\/\/krimperium.shop\/index.php?rest_route=%2Fwp%2Fv2%2Fproduct_cat&post=1520"},{"taxonomy":"product_tag","embeddable":true,"href":"https:\/\/krimperium.shop\/index.php?rest_route=%2Fwp%2Fv2%2Fproduct_tag&post=1520"}],"curies":[{"name":"wp","href":"https:\/\/api.w.org\/{rel}","templated":true}]}}