{"id":1534,"date":"2025-01-07T18:22:24","date_gmt":"2025-01-07T18:22:24","guid":{"rendered":"https:\/\/krimperium.shop\/?post_type=product&#038;p=1534"},"modified":"2025-01-07T18:42:07","modified_gmt":"2025-01-07T18:42:07","slug":"redragon-deimos-teclado-70-mecanico-gaming-rgb-negro","status":"publish","type":"product","link":"https:\/\/krimperium.shop\/?product=redragon-deimos-teclado-70-mecanico-gaming-rgb-negro","title":{"rendered":"Redragon Deimos Teclado 70% Mec\u00e1nico Gaming Rgb Negro"},"content":{"rendered":"<p>WIRELESS &#8211; CABLE | LED-RGB<\/p>\n<ul>\n<li>Tipo de teclado: Mec\u00e1nico<\/li>\n<li>Interruptores: Redragon Red, Lineal sin clic audible, fuerza de actuaci\u00f3n 45 gr.<\/li>\n<li>Teclas multimedia: S\u00ed, a trav\u00e9s de tecla FN<\/li>\n<li>Teclas macro dedicadas: No<\/li>\n<li>Bloqueo tecla Windows: S\u00ed<\/li>\n<li>Tama\u00f1o: Compacto 70%<\/li>\n<li>Retroiluminaci\u00f3n: RGB Chroma<\/li>\n<li>Conexi\u00f3n: Dongle 2.4GHz, USB type C desmontable<\/li>\n<li>Matriz: 100% Anti-Ghosting con Full Key Rollover<\/li>\n<li>Construcci\u00f3n: Pl\u00e1stico ABS reforzado<\/li>\n<li>Antisalpicaduras: S\u00ed<\/li>\n<li>Peso: 0.65 kg<\/li>\n<li>Dimensiones: 32.97\u00d710.17\u00d73.6 cm<\/li>\n<li>Extras: Contenedor imantado en teclado de receptor wireless<\/li>\n<li>Software: S\u00ed<\/li>\n<li>Contenido de la caja: Cable USB-C a USB-A, Extractor de keycaps,<\/li>\n<li>Manual de uso, Sticker Redragon, Receptor Wireless.<\/li>\n<\/ul>\n","protected":false},"excerpt":{"rendered":"<p>WIRELESS &#8211; CABLE | LED-RGB Tipo de teclado: Mec\u00e1nico Interruptores: Redragon Red, Lineal sin clic audible, fuerza de actuaci\u00f3n 45 gr. Teclas multimedia: S\u00ed, a trav\u00e9s de tecla FN Teclas macro dedicadas: No Bloqueo tecla Windows: S\u00ed Tama\u00f1o: Compacto 70% Retroiluminaci\u00f3n: RGB Chroma Conexi\u00f3n: Dongle 2.4GHz, USB type C desmontable Matriz: 100% Anti-Ghosting con Full [&hellip;]<\/p>\n","protected":false},"featured_media":1641,"comment_status":"closed","ping_status":"closed","template":"","meta":[],"product_brand":[],"product_cat":[22],"product_tag":[],"class_list":{"0":"post-1534","1":"product","2":"type-product","3":"status-publish","4":"has-post-thumbnail","6":"product_cat-teclados","8":"first","9":"outofstock","10":"shipping-taxable","11":"purchasable","12":"product-type-simple"},"_links":{"self":[{"href":"https:\/\/krimperium.shop\/index.php?rest_route=\/wp\/v2\/product\/1534","targetHints":{"allow":["GET"]}}],"collection":[{"href":"https:\/\/krimperium.shop\/index.php?rest_route=\/wp\/v2\/product"}],"about":[{"href":"https:\/\/krimperium.shop\/index.php?rest_route=\/wp\/v2\/types\/product"}],"replies":[{"embeddable":true,"href":"https:\/\/krimperium.shop\/index.php?rest_route=%2Fwp%2Fv2%2Fcomments&post=1534"}],"wp:featuredmedia":[{"embeddable":true,"href":"https:\/\/krimperium.shop\/index.php?rest_route=\/wp\/v2\/media\/1641"}],"wp:attachment":[{"href":"https:\/\/krimperium.shop\/index.php?rest_route=%2Fwp%2Fv2%2Fmedia&parent=1534"}],"wp:term":[{"taxonomy":"product_brand","embeddable":true,"href":"https:\/\/krimperium.shop\/index.php?rest_route=%2Fwp%2Fv2%2Fproduct_brand&post=1534"},{"taxonomy":"product_cat","embeddable":true,"href":"https:\/\/krimperium.shop\/index.php?rest_route=%2Fwp%2Fv2%2Fproduct_cat&post=1534"},{"taxonomy":"product_tag","embeddable":true,"href":"https:\/\/krimperium.shop\/index.php?rest_route=%2Fwp%2Fv2%2Fproduct_tag&post=1534"}],"curies":[{"name":"wp","href":"https:\/\/api.w.org\/{rel}","templated":true}]}}