{"id":1573,"date":"2025-01-07T18:29:06","date_gmt":"2025-01-07T18:29:06","guid":{"rendered":"https:\/\/krimperium.shop\/?post_type=product&#038;p=1573"},"modified":"2025-01-07T18:45:43","modified_gmt":"2025-01-07T18:45:43","slug":"pasta-termica-disipadora-arctic-mx-4-4g-original","status":"publish","type":"product","link":"https:\/\/krimperium.shop\/?product=pasta-termica-disipadora-arctic-mx-4-4g-original","title":{"rendered":"Pasta T\u00e9rmica Disipadora Arctic Mx-4 4g Original"},"content":{"rendered":"<p>ESPECIFICACIONES:<br \/>\n\u2022 Marca: ARCTIC<br \/>\n\u2022 Conductividad T\u00e9rmica: 8.5 W\/(mK)<br \/>\n\u2022 Viscosidad: 870 poise<br \/>\n\u2022 Densidad: 2.50 g\/cm\u00b3<br \/>\n\u2022 Rendimiento: Cubre de 15 a 25 Procesadores peque\u00f1os, o de 6 a 10 Procesadores grandes.<\/p>\n<p>\u2022 PROPIEDADES:<br \/>\nMejor que el metal l\u00edquido<br \/>\nLa pasta ARCTIC MX-4 est\u00e1 compuesta de micropart\u00edculas de carbono que tienen una conductividad t\u00e9rmica extremadamente alta.<br \/>\nGarantiza que el calor generado por la CPU o la GPU se disipe r\u00e1pida y eficientemente.<br \/>\nExcelente rendimiento, la MX-4 es la mejor compa\u00f1era para Gamers y Overclockers.<br \/>\nF\u00e1cil de aplicar<br \/>\nCon una consistencia ideal, la MX-4 es muy f\u00e1cil de usar, incluso para principiantes.<br \/>\nLas posibilidades de aplicaci\u00f3n y la forma m\u00e1s eficaz de evitar vac\u00edos entre la CPU y el disipador, se las mostramos en el video.<br \/>\nAplicaci\u00f3n Segura<br \/>\nNo contiene part\u00edculas met\u00e1licas, por lo que la conductividad el\u00e9ctrica no es un problema.<br \/>\nSe asegura que el contacto con cualquier clavija el\u00e9ctrica no dar\u00eda lugar a da\u00f1os de ning\u00fan tipo.<br \/>\nAlta durabilidad<br \/>\nEn contraste con el metal y el compuesto de silicona t\u00e9rmica, el rendimiento de la MX-4 no se compromete con el tiempo.<br \/>\nUna vez aplicado, no es necesario aplicarlo una segunda vez, ya que durar\u00e1 al menos 8 a\u00f1os.<br \/>\nRelaci\u00f3n calidad-precio<br \/>\nLa MX-4 es una pasta t\u00e9rmica de alto rendimiento, perfecta para los constructores de sistemas.<br \/>\nNo es ninguna sorpresa que la MX-4 supera sus expectativas por su precio bajo.<br \/>\nAproveche esta Oferta y Compre seguro con nosotros<\/p>\n","protected":false},"excerpt":{"rendered":"<p>ESPECIFICACIONES: \u2022 Marca: ARCTIC \u2022 Conductividad T\u00e9rmica: 8.5 W\/(mK) \u2022 Viscosidad: 870 poise \u2022 Densidad: 2.50 g\/cm\u00b3 \u2022 Rendimiento: Cubre de 15 a 25 Procesadores peque\u00f1os, o de 6 a 10 Procesadores grandes. \u2022 PROPIEDADES: Mejor que el metal l\u00edquido La pasta ARCTIC MX-4 est\u00e1 compuesta de micropart\u00edculas de carbono que tienen una conductividad t\u00e9rmica [&hellip;]<\/p>\n","protected":false},"featured_media":1673,"comment_status":"closed","ping_status":"closed","template":"","meta":[],"product_brand":[],"product_cat":[37],"product_tag":[],"class_list":{"0":"post-1573","1":"product","2":"type-product","3":"status-publish","4":"has-post-thumbnail","6":"product_cat-accesorios","8":"first","9":"instock","10":"sale","11":"shipping-taxable","12":"purchasable","13":"product-type-simple"},"_links":{"self":[{"href":"https:\/\/krimperium.shop\/index.php?rest_route=\/wp\/v2\/product\/1573","targetHints":{"allow":["GET"]}}],"collection":[{"href":"https:\/\/krimperium.shop\/index.php?rest_route=\/wp\/v2\/product"}],"about":[{"href":"https:\/\/krimperium.shop\/index.php?rest_route=\/wp\/v2\/types\/product"}],"replies":[{"embeddable":true,"href":"https:\/\/krimperium.shop\/index.php?rest_route=%2Fwp%2Fv2%2Fcomments&post=1573"}],"wp:featuredmedia":[{"embeddable":true,"href":"https:\/\/krimperium.shop\/index.php?rest_route=\/wp\/v2\/media\/1673"}],"wp:attachment":[{"href":"https:\/\/krimperium.shop\/index.php?rest_route=%2Fwp%2Fv2%2Fmedia&parent=1573"}],"wp:term":[{"taxonomy":"product_brand","embeddable":true,"href":"https:\/\/krimperium.shop\/index.php?rest_route=%2Fwp%2Fv2%2Fproduct_brand&post=1573"},{"taxonomy":"product_cat","embeddable":true,"href":"https:\/\/krimperium.shop\/index.php?rest_route=%2Fwp%2Fv2%2Fproduct_cat&post=1573"},{"taxonomy":"product_tag","embeddable":true,"href":"https:\/\/krimperium.shop\/index.php?rest_route=%2Fwp%2Fv2%2Fproduct_tag&post=1573"}],"curies":[{"name":"wp","href":"https:\/\/api.w.org\/{rel}","templated":true}]}}