{"id":1577,"date":"2025-01-07T18:30:06","date_gmt":"2025-01-07T18:30:06","guid":{"rendered":"https:\/\/krimperium.shop\/?post_type=product&#038;p=1577"},"modified":"2025-01-07T18:45:54","modified_gmt":"2025-01-07T18:45:54","slug":"cable-de-carga-usb-c-a-lightning-20w-toocki","status":"publish","type":"product","link":"https:\/\/krimperium.shop\/?product=cable-de-carga-usb-c-a-lightning-20w-toocki","title":{"rendered":"Cable de carga USB C A Lightning 20W Toocki"},"content":{"rendered":"<p>\u2022 Marca : toocki<br \/>\n\u2022 Corriente: Cable PD de 20W<br \/>\n\u2022 Caracter\u00edstica: dise\u00f1o transparente<br \/>\n\u2022 Velocidad de transmisi\u00f3n: 480MBPS<br \/>\n\u2022 Cable:5 grupos de cable de cobre esta\u00f1ado, carga y transferencia m\u00e1s estable.<br \/>\n\u2022 Material trenzado: Nylon trenzado m\u00e1s duradero<br \/>\n\u2022 Material:PC a prueba de fuego + TPE<br \/>\n\u2022 apoyo a:Ampliamente Compatible con todos los dispositivos Iphone, 30 minutos podr\u00eda cargar 50% para iphone<br \/>\n8IC: IC de marcador electr\u00f3nico, regulaci\u00f3n inteligente de voltaje y corriente9. Dise\u00f1o transparente<br \/>\n+ chapado en oro mejor perfermance en antioxidante 10. Dise\u00f1o: dise\u00f1o SR reforzado, m\u00e1s duradero, pruebas 5000 veces para no romperse.<\/p>\n","protected":false},"excerpt":{"rendered":"<p>\u2022 Marca : toocki \u2022 Corriente: Cable PD de 20W \u2022 Caracter\u00edstica: dise\u00f1o transparente \u2022 Velocidad de transmisi\u00f3n: 480MBPS \u2022 Cable:5 grupos de cable de cobre esta\u00f1ado, carga y transferencia m\u00e1s estable. \u2022 Material trenzado: Nylon trenzado m\u00e1s duradero \u2022 Material:PC a prueba de fuego + TPE \u2022 apoyo a:Ampliamente Compatible con todos los dispositivos [&hellip;]<\/p>\n","protected":false},"featured_media":1677,"comment_status":"closed","ping_status":"closed","template":"","meta":[],"product_brand":[],"product_cat":[37,55],"product_tag":[],"class_list":{"0":"post-1577","1":"product","2":"type-product","3":"status-publish","4":"has-post-thumbnail","6":"product_cat-accesorios","7":"product_cat-cargadores","9":"first","10":"instock","11":"sale","12":"shipping-taxable","13":"purchasable","14":"product-type-simple"},"_links":{"self":[{"href":"https:\/\/krimperium.shop\/index.php?rest_route=\/wp\/v2\/product\/1577","targetHints":{"allow":["GET"]}}],"collection":[{"href":"https:\/\/krimperium.shop\/index.php?rest_route=\/wp\/v2\/product"}],"about":[{"href":"https:\/\/krimperium.shop\/index.php?rest_route=\/wp\/v2\/types\/product"}],"replies":[{"embeddable":true,"href":"https:\/\/krimperium.shop\/index.php?rest_route=%2Fwp%2Fv2%2Fcomments&post=1577"}],"wp:featuredmedia":[{"embeddable":true,"href":"https:\/\/krimperium.shop\/index.php?rest_route=\/wp\/v2\/media\/1677"}],"wp:attachment":[{"href":"https:\/\/krimperium.shop\/index.php?rest_route=%2Fwp%2Fv2%2Fmedia&parent=1577"}],"wp:term":[{"taxonomy":"product_brand","embeddable":true,"href":"https:\/\/krimperium.shop\/index.php?rest_route=%2Fwp%2Fv2%2Fproduct_brand&post=1577"},{"taxonomy":"product_cat","embeddable":true,"href":"https:\/\/krimperium.shop\/index.php?rest_route=%2Fwp%2Fv2%2Fproduct_cat&post=1577"},{"taxonomy":"product_tag","embeddable":true,"href":"https:\/\/krimperium.shop\/index.php?rest_route=%2Fwp%2Fv2%2Fproduct_tag&post=1577"}],"curies":[{"name":"wp","href":"https:\/\/api.w.org\/{rel}","templated":true}]}}