{"id":1589,"date":"2025-01-07T18:31:28","date_gmt":"2025-01-07T18:31:28","guid":{"rendered":"https:\/\/krimperium.shop\/?post_type=product&#038;p=1589"},"modified":"2025-01-07T19:05:49","modified_gmt":"2025-01-07T19:05:49","slug":"microfono-inalambrico-k9-2-en-1-iphone-o-android","status":"publish","type":"product","link":"https:\/\/krimperium.shop\/?product=microfono-inalambrico-k9-2-en-1-iphone-o-android","title":{"rendered":"Micr\u00f3fono Inal\u00e1mbrico K9 2 En 1 &#8211; iPhone O Android"},"content":{"rendered":"<p>Micr\u00f3fono port\u00e1til, con reducci\u00f3n de ruido para grabaci\u00f3n de videos, audio, entrevistas, en vivos desde tu celular y de esa manera asegurar un excelente audio en tu grabaci\u00f3n.<\/p>\n<p>CARACTER\u00cdSTICAS:<br \/>\n\u2022 Pr\u00e1ctico y f\u00e1cil de transportar.<br \/>\n\u2022 De calidad 100% garantizado<br \/>\n\u2022 Puede transmitir en vivo en cualquier momento, en cualquier lugar, sin l\u00edmites.<br \/>\n\u2022 Compatible con iOS y con puerto Lightning y compatible con OTG puede usarlo.<br \/>\n\u2022 Conexi\u00f3n de 2,4 GHz en segundo, plug and play, sin retraso.<br \/>\n\u2022 No es necesario descargar ninguna aplicaci\u00f3n, f\u00e1cil de operar.<br \/>\n\u2022 Retraso de tiempo inferior a 16,5 ms, sincroniza el sonido en tiempo real.<br \/>\n\u2022 Reducci\u00f3n de ruido profesional, conc\u00e9ntrese en su propia voz.<br \/>\n\u2022 Sonido original sin p\u00e9rdidas, experimenta el sonido original real.<br \/>\n\u2022 Tipo de micr\u00f3fono: condensador<br \/>\n\u2022 Tama\u00f1o: 9 x 3,2 x 1.5 Cm<br \/>\n\u2022 Material:ABS<br \/>\n\u2022 Color: Negro<\/p>\n<p>TE ENTREGAMOS<br \/>\n2-Micr\u00f3fonos inal\u00e1mbricos recargables<br \/>\n1-Receptor Wireless<br \/>\n1-Cable USB tipo C para recargar los micr\u00f3fonos<\/p>\n","protected":false},"excerpt":{"rendered":"<p>Micr\u00f3fono port\u00e1til, con reducci\u00f3n de ruido para grabaci\u00f3n de videos, audio, entrevistas, en vivos desde tu celular y de esa manera asegurar un excelente audio en tu grabaci\u00f3n. CARACTER\u00cdSTICAS: \u2022 Pr\u00e1ctico y f\u00e1cil de transportar. \u2022 De calidad 100% garantizado \u2022 Puede transmitir en vivo en cualquier momento, en cualquier lugar, sin l\u00edmites. \u2022 Compatible [&hellip;]<\/p>\n","protected":false},"featured_media":1683,"comment_status":"closed","ping_status":"closed","template":"","meta":[],"product_brand":[],"product_cat":[37,48],"product_tag":[],"class_list":{"0":"post-1589","1":"product","2":"type-product","3":"status-publish","4":"has-post-thumbnail","6":"product_cat-accesorios","7":"product_cat-microfonos","9":"first","10":"instock","11":"sale","12":"shipping-taxable","13":"purchasable","14":"product-type-variable"},"_links":{"self":[{"href":"https:\/\/krimperium.shop\/index.php?rest_route=\/wp\/v2\/product\/1589","targetHints":{"allow":["GET"]}}],"collection":[{"href":"https:\/\/krimperium.shop\/index.php?rest_route=\/wp\/v2\/product"}],"about":[{"href":"https:\/\/krimperium.shop\/index.php?rest_route=\/wp\/v2\/types\/product"}],"replies":[{"embeddable":true,"href":"https:\/\/krimperium.shop\/index.php?rest_route=%2Fwp%2Fv2%2Fcomments&post=1589"}],"wp:featuredmedia":[{"embeddable":true,"href":"https:\/\/krimperium.shop\/index.php?rest_route=\/wp\/v2\/media\/1683"}],"wp:attachment":[{"href":"https:\/\/krimperium.shop\/index.php?rest_route=%2Fwp%2Fv2%2Fmedia&parent=1589"}],"wp:term":[{"taxonomy":"product_brand","embeddable":true,"href":"https:\/\/krimperium.shop\/index.php?rest_route=%2Fwp%2Fv2%2Fproduct_brand&post=1589"},{"taxonomy":"product_cat","embeddable":true,"href":"https:\/\/krimperium.shop\/index.php?rest_route=%2Fwp%2Fv2%2Fproduct_cat&post=1589"},{"taxonomy":"product_tag","embeddable":true,"href":"https:\/\/krimperium.shop\/index.php?rest_route=%2Fwp%2Fv2%2Fproduct_tag&post=1589"}],"curies":[{"name":"wp","href":"https:\/\/api.w.org\/{rel}","templated":true}]}}