{"id":1592,"date":"2025-01-07T18:31:29","date_gmt":"2025-01-07T18:31:29","guid":{"rendered":"https:\/\/krimperium.shop\/?post_type=product&#038;p=1592"},"modified":"2025-01-07T19:08:09","modified_gmt":"2025-01-07T19:08:09","slug":"diademas-gamer-multiplataforma-hc-s2061-3-5mm","status":"publish","type":"product","link":"https:\/\/krimperium.shop\/?product=diademas-gamer-multiplataforma-hc-s2061-3-5mm","title":{"rendered":"Diademas Gamer Multiplataforma HC-S2061 3.5mm"},"content":{"rendered":"<p>Descripci\u00f3n:<br \/>\n\u2022 Auriculares est\u00e9reo con cable para juegos especialmente dise\u00f1ados para PS5, Xbox One, Xbox Series X\/Series S, consolas Nintendo Switch y otros dispositivos con conector para auriculares de 3,5 mm.<br \/>\n\u2022 Adopte un diafragma vibratorio de PET de alta calidad y un sistema de im\u00e1n de neodimio para brindar una calidad de sonido superior a trav\u00e9s de pruebas y modulaciones repetidas por parte de evaluadores autorizados de BK e ingenieros ac\u00fasticos profesionales. Proporciona una respuesta de frecuencia suave y un rendimiento casi silencioso.<br \/>\n\u2022 Cuenta con un micr\u00f3fono retr\u00e1ctil. Funci\u00f3n de cancelaci\u00f3n de ruido incorporada. Ofrece una reducci\u00f3n del sonido de fondo que distrae al m\u00e1ximo.<br \/>\n\u2022 La luz de respiraci\u00f3n RGB ubicada en los auriculares ayuda a resaltar la atm\u00f3sfera del juego.<br \/>\n\u2022 Dise\u00f1o ergonomico. Las orejeras transpirables sobre las orejas y el arco ajustable para la cabeza brindan una comodidad de uso superior.<br \/>\n\u2022 Viene un control remoto. F\u00e1cil de silenciar, ajustar el volumen y encender\/apagar la luz RGB durante el juego.<br \/>\n\u00a1El cable extremadamente duradero de 2 m le permite no estar atado por un cable corto durante su juego!<br \/>\n\u2022 Perfecto para la apreciaci\u00f3n de la m\u00fasica, jugadores de auriculares de alta fidelidad.<\/p>\n<p>Especificaciones:<br \/>\n\u2022Compatible con Switch\/PS5\/PS4\/PC\/XBOX ONE\/Xbox Series X\/Series S\/Mac\/tel\u00e9fono m\u00f3vil o tableta con conector para auriculares de 3,5 mm -Voltaje de funcionamiento RGB: USB 5V -Corriente de funcionamiento RGB:<br \/>\n95mA<br \/>\n\u2022 Conector de audio de 3,5 mm + USB (solo para alimentaci\u00f3n de luces LED)<br \/>\n\u2022 Sensibilidad del micr\u00f3fono: -42 dB<br \/>\n\u2022 Funci\u00f3n: Impermeable, Cancelaci\u00f3n de ruido, Micr\u00f3fono<br \/>\n\u2022 Impedancia de salida del micr\u00f3fono: 2,2 k ohmios (m\u00e1x.) a 1 KHz<br \/>\n\u2022 Direccionalidad del micr\u00f3fono: Omnidireccional<br \/>\n\u2022 Rango de respuesta de frecuencia: 20 a 20000 HZ<br \/>\n\u2022 Sensibilidad promedio: 107+\/-3dB\/1KHz<br \/>\n\u2022 Potencia del altavoz:3mW a 10mW<br \/>\n\u2022 Impedancia del altavoz:32ohm +\/- 15% a 1kHz<br \/>\n\u2022 Forma de ruta magn\u00e9tica: Magnetismo interno<br \/>\n\u2022 Forma del altavoz: 50MM de di\u00e1metro<br \/>\n\u2022 Mon\u00f3mero: Tipo de c\u00edrculo din\u00e1mico<br \/>\n\u2022 Control de luz y sonido: potenciales e interruptores mec\u00e1nicos<br \/>\n\u2022 Material: ABS<br \/>\n\u2022 Longitud del cable: 2,1 m<\/p>\n<p>NOTA:<br \/>\n\u2022 Los iPhone y iPad que utilizan la interfaz Lightning NO son compatibles.<br \/>\n\u2022 Para usar con luz RGB, debe conectar la interfaz USB a una fuente de alimentaci\u00f3n. Si solo conecta el conector de auriculares, el LED no se encender\u00e1.<br \/>\n\u2022 Se necesita un adaptador adicional de Microsoft (no incluido) cuando se conecta con la versi\u00f3n anterior del controlador Xbox One.<\/p>\n<p>\u2022 El paquete incluye:<br \/>\n\u2022 1 auricular con cable RGB<br \/>\n\u2022 1 manual de instrucciones.<\/p>\n<p>\u2022 Producto Incluyendo Embalaje Peso:? 513g<br \/>\n\u2022 Producto Incluyendo Tama\u00f1o del empaque: ?26.5*20*11cm<\/p>\n","protected":false},"excerpt":{"rendered":"<p>Descripci\u00f3n: \u2022 Auriculares est\u00e9reo con cable para juegos especialmente dise\u00f1ados para PS5, Xbox One, Xbox Series X\/Series S, consolas Nintendo Switch y otros dispositivos con conector para auriculares de 3,5 mm. \u2022 Adopte un diafragma vibratorio de PET de alta calidad y un sistema de im\u00e1n de neodimio para brindar una calidad de sonido superior [&hellip;]<\/p>\n","protected":false},"featured_media":1692,"comment_status":"closed","ping_status":"closed","template":"","meta":[],"product_brand":[],"product_cat":[28,27],"product_tag":[],"class_list":{"0":"post-1592","1":"product","2":"type-product","3":"status-publish","4":"has-post-thumbnail","6":"product_cat-alambricas","7":"product_cat-diademas","9":"first","10":"instock","11":"sale","12":"shipping-taxable","13":"purchasable","14":"product-type-variable","15":"has-default-attributes"},"_links":{"self":[{"href":"https:\/\/krimperium.shop\/index.php?rest_route=\/wp\/v2\/product\/1592","targetHints":{"allow":["GET"]}}],"collection":[{"href":"https:\/\/krimperium.shop\/index.php?rest_route=\/wp\/v2\/product"}],"about":[{"href":"https:\/\/krimperium.shop\/index.php?rest_route=\/wp\/v2\/types\/product"}],"replies":[{"embeddable":true,"href":"https:\/\/krimperium.shop\/index.php?rest_route=%2Fwp%2Fv2%2Fcomments&post=1592"}],"wp:featuredmedia":[{"embeddable":true,"href":"https:\/\/krimperium.shop\/index.php?rest_route=\/wp\/v2\/media\/1692"}],"wp:attachment":[{"href":"https:\/\/krimperium.shop\/index.php?rest_route=%2Fwp%2Fv2%2Fmedia&parent=1592"}],"wp:term":[{"taxonomy":"product_brand","embeddable":true,"href":"https:\/\/krimperium.shop\/index.php?rest_route=%2Fwp%2Fv2%2Fproduct_brand&post=1592"},{"taxonomy":"product_cat","embeddable":true,"href":"https:\/\/krimperium.shop\/index.php?rest_route=%2Fwp%2Fv2%2Fproduct_cat&post=1592"},{"taxonomy":"product_tag","embeddable":true,"href":"https:\/\/krimperium.shop\/index.php?rest_route=%2Fwp%2Fv2%2Fproduct_tag&post=1592"}],"curies":[{"name":"wp","href":"https:\/\/api.w.org\/{rel}","templated":true}]}}