{"id":1609,"date":"2025-01-07T18:35:08","date_gmt":"2025-01-07T18:35:08","guid":{"rendered":"https:\/\/krimperium.shop\/?post_type=product&#038;p=1609"},"modified":"2025-01-07T18:48:59","modified_gmt":"2025-01-07T18:48:59","slug":"auriculares-gamer-g100x-conexion-3-5-multiplataforma","status":"publish","type":"product","link":"https:\/\/krimperium.shop\/?product=auriculares-gamer-g100x-conexion-3-5-multiplataforma","title":{"rendered":"Auriculares Gamer G100X Conexi\u00f3n 3.5 Multiplataforma"},"content":{"rendered":"<p>\u2022 Especificaciones:<br \/>\n\u2022 Controlardor: 14.2mm<br \/>\n\u2022 Sensibilidad: 111db\u00b13db<br \/>\n\u2022 Impedancia: 32Ohm\u00b115%<br \/>\n\u2022 Longitud: 1.2m<br \/>\n\u2022 Plug: 3.5mm<br \/>\n\u2022 Frecuencia: 20-20KHz<br \/>\n\u2022 Contenido del paquete:<br \/>\n\u2022 Aud\u00edfonos x1<br \/>\n\u2022 Clip x1<br \/>\n\u2022 Almohadillas de silic\u00f3n x2<br \/>\n\u2022 auriculares manos libres con gancho para auriculares con micr\u00f3fono desmontable para juegos, auriculares con cable Multiplataforma<\/p>\n<p>&nbsp;<\/p>\n<p>Descripci\u00f3n<br \/>\n\u00a1Experimenta la adrenalina de sumergirte en la escena de otra manera! Tener auriculares espec\u00edficos para jugar cambia completamente tu experiencia en cada partida. Con los Langsdom G100X no te pierdes ning\u00fan detalle y escuchas el audio tal y como fue dise\u00f1ado por los creadores.<\/p>\n<p>El formato perfecto para ti<br \/>\nAl ser in-ear, mejoran la calidad del audio y son de tama\u00f1o peque\u00f1o para poder insertarse en tu oreja. Son ideales para acompa\u00f1arte a la hora de hacer ejercicio mientras te sumerges en el mejor sonido envolvente.<\/p>\n<p>\u2022 Micr\u00f3fonos Dual: micr\u00f3fono desmontable de alta definici\u00f3n 360\u00b0 giratoro para uso gaming que reduce el ruido exterior transmitiendo su voz claramente, y un micr\u00f3fono con control de volumen integrado en los aud\u00edfonos para uso manos libres.<br \/>\n\u2022 Dise\u00f1o Ergon\u00f3mico y Compacto: aud\u00edfonos gaming in-ear que no molesta con el uso largo, juega y disfruta con tus amigos gamers toda la diversi\u00f3n de los videojuegos.<br \/>\n\u2022 Excelente Sonido Hi-Res: aud\u00edfonos de sonido est\u00e9reo de alta resoluci\u00f3n te ofrese un audio cristalino y 3D envolvente que te daras cuenta de cada movimiento m\u00ednimo de tus enemigos.<br \/>\n\u2022 Accesorios Intercambiables: vienen incluido pares de silicona en forma de aleta, los cuales son intercambiables segun su comodidad. Tambien incluyen par de ganchos que ayudan a sujetar las orejas para que los aud\u00edfonos no se caigan f\u00e1cilmente.<br \/>\n\u2022 Amplia Compatibilidad: los aud\u00edfonos funcionan perfectamente en dispositivos con entrada de audio 3.5mm, tales como computadoras, tel\u00e9fonos m\u00f3viles, tablets y consolas de videojuegos, etc.<\/p>\n","protected":false},"excerpt":{"rendered":"<p>\u2022 Especificaciones: \u2022 Controlardor: 14.2mm \u2022 Sensibilidad: 111db\u00b13db \u2022 Impedancia: 32Ohm\u00b115% \u2022 Longitud: 1.2m \u2022 Plug: 3.5mm \u2022 Frecuencia: 20-20KHz \u2022 Contenido del paquete: \u2022 Aud\u00edfonos x1 \u2022 Clip x1 \u2022 Almohadillas de silic\u00f3n x2 \u2022 auriculares manos libres con gancho para auriculares con micr\u00f3fono desmontable para juegos, auriculares con cable Multiplataforma &nbsp; Descripci\u00f3n \u00a1Experimenta [&hellip;]<\/p>\n","protected":false},"featured_media":1702,"comment_status":"closed","ping_status":"closed","template":"","meta":[],"product_brand":[],"product_cat":[28,27],"product_tag":[],"class_list":{"0":"post-1609","1":"product","2":"type-product","3":"status-publish","4":"has-post-thumbnail","6":"product_cat-alambricas","7":"product_cat-diademas","9":"first","10":"instock","11":"sale","12":"shipping-taxable","13":"purchasable","14":"product-type-simple"},"_links":{"self":[{"href":"https:\/\/krimperium.shop\/index.php?rest_route=\/wp\/v2\/product\/1609","targetHints":{"allow":["GET"]}}],"collection":[{"href":"https:\/\/krimperium.shop\/index.php?rest_route=\/wp\/v2\/product"}],"about":[{"href":"https:\/\/krimperium.shop\/index.php?rest_route=\/wp\/v2\/types\/product"}],"replies":[{"embeddable":true,"href":"https:\/\/krimperium.shop\/index.php?rest_route=%2Fwp%2Fv2%2Fcomments&post=1609"}],"wp:featuredmedia":[{"embeddable":true,"href":"https:\/\/krimperium.shop\/index.php?rest_route=\/wp\/v2\/media\/1702"}],"wp:attachment":[{"href":"https:\/\/krimperium.shop\/index.php?rest_route=%2Fwp%2Fv2%2Fmedia&parent=1609"}],"wp:term":[{"taxonomy":"product_brand","embeddable":true,"href":"https:\/\/krimperium.shop\/index.php?rest_route=%2Fwp%2Fv2%2Fproduct_brand&post=1609"},{"taxonomy":"product_cat","embeddable":true,"href":"https:\/\/krimperium.shop\/index.php?rest_route=%2Fwp%2Fv2%2Fproduct_cat&post=1609"},{"taxonomy":"product_tag","embeddable":true,"href":"https:\/\/krimperium.shop\/index.php?rest_route=%2Fwp%2Fv2%2Fproduct_tag&post=1609"}],"curies":[{"name":"wp","href":"https:\/\/api.w.org\/{rel}","templated":true}]}}