{"id":1621,"date":"2025-01-07T18:37:18","date_gmt":"2025-01-07T18:37:18","guid":{"rendered":"https:\/\/krimperium.shop\/?post_type=product&#038;p=1621"},"modified":"2025-01-07T18:49:47","modified_gmt":"2025-01-07T18:49:47","slug":"diadema-vsg-enigma-3-5mm-ps4-xbox-switch-pc-movil","status":"publish","type":"product","link":"https:\/\/krimperium.shop\/?product=diadema-vsg-enigma-3-5mm-ps4-xbox-switch-pc-movil","title":{"rendered":"Diadema Vsg Enigma 3.5mm Ps4\/xbox\/switch\/pc\/movil"},"content":{"rendered":"<p>Especificaciones<\/p>\n<p>-Microfono desmontable: S\u00ed<br \/>\n-Plataformas: PC PS4-Slim-Pro Xbox One-S-X Switch M\u00f3viles<br \/>\n-Construcci\u00f3n Aluminio y ABS<br \/>\n-Almohadillas Intercambiables | Gel fr\u00edo y nylon | Memory foam y cuerina<br \/>\n-Cable Jack TRRS 3,5 mm trenzado de 2 metros<\/p>\n<p>Altavoces<br \/>\n-Di\u00e1metro del altavoz 60 mm<br \/>\n-Im\u00e1n Neodimio<br \/>\n-Estructura Cerrada<br \/>\n-Respuesta en frecuencia 5 Hz a 35 kHz<br \/>\n-Impedancia nominal 40 \u00b1 6<br \/>\n-Sensibilidad (SPL) 98 dB \u00b1 3 dB a 1 kHz<br \/>\n-THD 1% a 1kHz<\/p>\n<p>-Potencia de alimentaci\u00f3n 15 a 150 mW<br \/>\n-Aislamiento ac\u00fastico pasivo 24 dB<\/p>\n<p>Micr\u00f3fono<br \/>\n-Montura Desmontable<br \/>\n-Di\u00e1metro de la c\u00e1psula 6 mm<br \/>\n-Di\u00e1metro 6 mm<br \/>\n-Transductor Condensador de electreto<br \/>\n-Patr\u00f3n polar Supercardioide<br \/>\n-Respuesta en frecuencia 40 Hz a 25 kHz<br \/>\n-Sensibilidad (SPL) -48 dB\u00b1 3 dB a 1 kHz<br \/>\n-THD 1% a 1 kHz<br \/>\n-Sistema Gradiente barom\u00e9trico<\/p>\n","protected":false},"excerpt":{"rendered":"<p>Especificaciones -Microfono desmontable: S\u00ed -Plataformas: PC PS4-Slim-Pro Xbox One-S-X Switch M\u00f3viles -Construcci\u00f3n Aluminio y ABS -Almohadillas Intercambiables | Gel fr\u00edo y nylon | Memory foam y cuerina -Cable Jack TRRS 3,5 mm trenzado de 2 metros Altavoces -Di\u00e1metro del altavoz 60 mm -Im\u00e1n Neodimio -Estructura Cerrada -Respuesta en frecuencia 5 Hz a 35 kHz -Impedancia [&hellip;]<\/p>\n","protected":false},"featured_media":1713,"comment_status":"closed","ping_status":"closed","template":"","meta":[],"product_brand":[],"product_cat":[28,27],"product_tag":[],"class_list":{"0":"post-1621","1":"product","2":"type-product","3":"status-publish","4":"has-post-thumbnail","6":"product_cat-alambricas","7":"product_cat-diademas","9":"first","10":"instock","11":"sale","12":"shipping-taxable","13":"purchasable","14":"product-type-simple"},"_links":{"self":[{"href":"https:\/\/krimperium.shop\/index.php?rest_route=\/wp\/v2\/product\/1621","targetHints":{"allow":["GET"]}}],"collection":[{"href":"https:\/\/krimperium.shop\/index.php?rest_route=\/wp\/v2\/product"}],"about":[{"href":"https:\/\/krimperium.shop\/index.php?rest_route=\/wp\/v2\/types\/product"}],"replies":[{"embeddable":true,"href":"https:\/\/krimperium.shop\/index.php?rest_route=%2Fwp%2Fv2%2Fcomments&post=1621"}],"wp:featuredmedia":[{"embeddable":true,"href":"https:\/\/krimperium.shop\/index.php?rest_route=\/wp\/v2\/media\/1713"}],"wp:attachment":[{"href":"https:\/\/krimperium.shop\/index.php?rest_route=%2Fwp%2Fv2%2Fmedia&parent=1621"}],"wp:term":[{"taxonomy":"product_brand","embeddable":true,"href":"https:\/\/krimperium.shop\/index.php?rest_route=%2Fwp%2Fv2%2Fproduct_brand&post=1621"},{"taxonomy":"product_cat","embeddable":true,"href":"https:\/\/krimperium.shop\/index.php?rest_route=%2Fwp%2Fv2%2Fproduct_cat&post=1621"},{"taxonomy":"product_tag","embeddable":true,"href":"https:\/\/krimperium.shop\/index.php?rest_route=%2Fwp%2Fv2%2Fproduct_tag&post=1621"}],"curies":[{"name":"wp","href":"https:\/\/api.w.org\/{rel}","templated":true}]}}