{"id":1628,"date":"2025-01-07T18:38:55","date_gmt":"2025-01-07T18:38:55","guid":{"rendered":"https:\/\/krimperium.shop\/?post_type=product&#038;p=1628"},"modified":"2025-01-07T18:51:09","modified_gmt":"2025-01-07T18:51:09","slug":"diademas-gamer-g605-iluminacion-rgb-usb-7-1","status":"publish","type":"product","link":"https:\/\/krimperium.shop\/?product=diademas-gamer-g605-iluminacion-rgb-usb-7-1","title":{"rendered":"Diademas Gamer G605 Iluminacion RGB &#8211; USB 7.1"},"content":{"rendered":"<p>\u2022 Principio Vocalism: Din\u00e1mica<br \/>\n\u2022 Control de volumen: S\u00ed<br \/>\n\u2022 Bot\u00f3n de Control: S\u00ed<br \/>\n\u2022 Comunicaci\u00f3n: Cableado<br \/>\n\u2022 Funci\u00f3n: Micr\u00f3fono<br \/>\n\u2022 Est\u00e1ndar impermeable: IPX 0<br \/>\n\u2022 Communicacion : cableado<br \/>\n\u2022 Connector: USB 7.1 ( Virtual )<\/p>\n<p>\u2022 Material: ABS.<br \/>\n\u2022 Di\u00e1metro del altavoz: 1.969 in.<br \/>\n\u2022 Rango de frecuencia: 20-20 kHz.<br \/>\n\u2022 Resistencia: 32 K\u03a9<br \/>\n\u2022 Sensibilidad: 54dB\u00b13dB.<br \/>\n\u2022 Contenido del paquete: 1 unidad.<\/p>\n<p>\u2022 Rendimiento superior: los auriculares para juegos tienen discriminaci\u00f3n de sonido, c\u00f3modos de llevar, especialmente dise\u00f1ados para el juego, canal de sonido de esports 7.1.<br \/>\nAlrededor de graves y alta precisi\u00f3n: los auriculares para juegos tienen graves pesados de golpes, posicionamiento preciso, f\u00e1cil de identificar pasos.<br \/>\nIluminaci\u00f3n RGB y dise\u00f1o ergon\u00f3mico: los auriculares sobre la oreja tienen una iluminaci\u00f3n RGB deslumbrante, m\u00e1s genial para jugar. Ampli\u00f3 la orejera, ligera y de larga duraci\u00f3n sin dolor.<br \/>\nReducci\u00f3n de ruido: adopta un chip de reducci\u00f3n en el micr\u00f3fono que puede filtrar ruidos de fondo ambientales a tu alrededor para transmitir comunicaci\u00f3n de alta calidad.<br \/>\nSin retraso y excelentes efectos: el nuevo motor de sonido de juego de segunda generaci\u00f3n, sin sentido, retraso, vibraci\u00f3n doble sonido.<\/p>\n","protected":false},"excerpt":{"rendered":"<p>\u2022 Principio Vocalism: Din\u00e1mica \u2022 Control de volumen: S\u00ed \u2022 Bot\u00f3n de Control: S\u00ed \u2022 Comunicaci\u00f3n: Cableado \u2022 Funci\u00f3n: Micr\u00f3fono \u2022 Est\u00e1ndar impermeable: IPX 0 \u2022 Communicacion : cableado \u2022 Connector: USB 7.1 ( Virtual ) \u2022 Material: ABS. \u2022 Di\u00e1metro del altavoz: 1.969 in. \u2022 Rango de frecuencia: 20-20 kHz. \u2022 Resistencia: 32 K\u03a9 [&hellip;]<\/p>\n","protected":false},"featured_media":1719,"comment_status":"closed","ping_status":"closed","template":"","meta":[],"product_brand":[],"product_cat":[28,27],"product_tag":[],"class_list":{"0":"post-1628","1":"product","2":"type-product","3":"status-publish","4":"has-post-thumbnail","6":"product_cat-alambricas","7":"product_cat-diademas","9":"first","10":"instock","11":"sale","12":"shipping-taxable","13":"purchasable","14":"product-type-simple"},"_links":{"self":[{"href":"https:\/\/krimperium.shop\/index.php?rest_route=\/wp\/v2\/product\/1628","targetHints":{"allow":["GET"]}}],"collection":[{"href":"https:\/\/krimperium.shop\/index.php?rest_route=\/wp\/v2\/product"}],"about":[{"href":"https:\/\/krimperium.shop\/index.php?rest_route=\/wp\/v2\/types\/product"}],"replies":[{"embeddable":true,"href":"https:\/\/krimperium.shop\/index.php?rest_route=%2Fwp%2Fv2%2Fcomments&post=1628"}],"wp:featuredmedia":[{"embeddable":true,"href":"https:\/\/krimperium.shop\/index.php?rest_route=\/wp\/v2\/media\/1719"}],"wp:attachment":[{"href":"https:\/\/krimperium.shop\/index.php?rest_route=%2Fwp%2Fv2%2Fmedia&parent=1628"}],"wp:term":[{"taxonomy":"product_brand","embeddable":true,"href":"https:\/\/krimperium.shop\/index.php?rest_route=%2Fwp%2Fv2%2Fproduct_brand&post=1628"},{"taxonomy":"product_cat","embeddable":true,"href":"https:\/\/krimperium.shop\/index.php?rest_route=%2Fwp%2Fv2%2Fproduct_cat&post=1628"},{"taxonomy":"product_tag","embeddable":true,"href":"https:\/\/krimperium.shop\/index.php?rest_route=%2Fwp%2Fv2%2Fproduct_tag&post=1628"}],"curies":[{"name":"wp","href":"https:\/\/api.w.org\/{rel}","templated":true}]}}