{"id":1653,"date":"2025-01-07T18:43:27","date_gmt":"2025-01-07T18:43:27","guid":{"rendered":"https:\/\/krimperium.shop\/?post_type=product&#038;p=1653"},"modified":"2025-01-07T18:53:40","modified_gmt":"2025-01-07T18:53:40","slug":"disco-hikvision-ssd-c100240g-hs-ssd-240gb","status":"publish","type":"product","link":"https:\/\/krimperium.shop\/?product=disco-hikvision-ssd-c100240g-hs-ssd-240gb","title":{"rendered":"Disco Hikvision SSD-C100240G HS-SSD 240GB"},"content":{"rendered":"<p>\u2022 Con tecnolog\u00eda 3D NAND.<br \/>\n\u2022 \u00datil para guardar programas y documentos con su capacidad de 240 GB.<br \/>\n\u2022 Tama\u00f1o de 2.5 &#8220;.<br \/>\n\u2022 Interfaz de conexi\u00f3n: SATA III.<br \/>\n\u2022 Apto para NVR.<br \/>\n\u2022 Capacidad: 240 GB<br \/>\n\u2022 Interfaces: SATA III<br \/>\n\u2022 Factor de forma: 2.5 &#8221;<br \/>\n\u2022 Modelo HS-SSD-C100\/240G<br \/>\n\u2022 Ancho 69.9 mm<br \/>\n\u2022 Altura 100.1 mm<br \/>\n\u2022 Profundidad 7 mm<br \/>\n\u2022Las im\u00e1genes pueden ser ilustrativas.<\/p>\n<p>Con la unidad en estado s\u00f3lido Hikvision incrementar\u00e1s la capacidad de respuesta de tu equipo. Gracias a esta tecnolog\u00eda podr\u00e1s invertir en velocidad y eficiencia para el inicio, la carga y la transferencia de datos.<\/p>\n<p>M\u00e1s velocidad a tu alcance<br \/>\nEste producto posee una interfaz SATA III que se encarga de transferir datos con la placa madre de tu computadora. Es de gran importancia y con su velocidad de env\u00edo de informaci\u00f3n mejora el rendimiento. Podr\u00e1s cargar todo tipo de archivos en tu PC con rapidez.<\/p>\n","protected":false},"excerpt":{"rendered":"<p>\u2022 Con tecnolog\u00eda 3D NAND. \u2022 \u00datil para guardar programas y documentos con su capacidad de 240 GB. \u2022 Tama\u00f1o de 2.5 &#8220;. \u2022 Interfaz de conexi\u00f3n: SATA III. \u2022 Apto para NVR. \u2022 Capacidad: 240 GB \u2022 Interfaces: SATA III \u2022 Factor de forma: 2.5 &#8221; \u2022 Modelo HS-SSD-C100\/240G \u2022 Ancho 69.9 mm \u2022 [&hellip;]<\/p>\n","protected":false},"featured_media":1742,"comment_status":"closed","ping_status":"closed","template":"","meta":[],"product_brand":[],"product_cat":[51],"product_tag":[],"class_list":{"0":"post-1653","1":"product","2":"type-product","3":"status-publish","4":"has-post-thumbnail","6":"product_cat-discos-almacenamiento","8":"first","9":"outofstock","10":"shipping-taxable","11":"purchasable","12":"product-type-simple"},"_links":{"self":[{"href":"https:\/\/krimperium.shop\/index.php?rest_route=\/wp\/v2\/product\/1653","targetHints":{"allow":["GET"]}}],"collection":[{"href":"https:\/\/krimperium.shop\/index.php?rest_route=\/wp\/v2\/product"}],"about":[{"href":"https:\/\/krimperium.shop\/index.php?rest_route=\/wp\/v2\/types\/product"}],"replies":[{"embeddable":true,"href":"https:\/\/krimperium.shop\/index.php?rest_route=%2Fwp%2Fv2%2Fcomments&post=1653"}],"wp:featuredmedia":[{"embeddable":true,"href":"https:\/\/krimperium.shop\/index.php?rest_route=\/wp\/v2\/media\/1742"}],"wp:attachment":[{"href":"https:\/\/krimperium.shop\/index.php?rest_route=%2Fwp%2Fv2%2Fmedia&parent=1653"}],"wp:term":[{"taxonomy":"product_brand","embeddable":true,"href":"https:\/\/krimperium.shop\/index.php?rest_route=%2Fwp%2Fv2%2Fproduct_brand&post=1653"},{"taxonomy":"product_cat","embeddable":true,"href":"https:\/\/krimperium.shop\/index.php?rest_route=%2Fwp%2Fv2%2Fproduct_cat&post=1653"},{"taxonomy":"product_tag","embeddable":true,"href":"https:\/\/krimperium.shop\/index.php?rest_route=%2Fwp%2Fv2%2Fproduct_tag&post=1653"}],"curies":[{"name":"wp","href":"https:\/\/api.w.org\/{rel}","templated":true}]}}