{"id":1671,"date":"2025-01-07T18:45:16","date_gmt":"2025-01-07T18:45:16","guid":{"rendered":"https:\/\/krimperium.shop\/?post_type=product&#038;p=1671"},"modified":"2025-01-07T18:56:02","modified_gmt":"2025-01-07T18:56:02","slug":"base-refrigerante-para-portatil-con-8-ventiladores","status":"publish","type":"product","link":"https:\/\/krimperium.shop\/?product=base-refrigerante-para-portatil-con-8-ventiladores","title":{"rendered":"Base Refrigerante Para Port\u00e1til Con 8 Ventiladores"},"content":{"rendered":"<p>\u2022 FICHA T\u00c9CNICA<br \/>\n\u2022 8 Ventiladores.<br \/>\n\u2022 Cubierta Tipo Mesh De Metal<br \/>\n\u2022 Silencioso: 15 \u2013 20 DB.<br \/>\n\u2022 8 Velocidades Regulables De Ventiladores.<br \/>\n\u2022 2 Puertos USB 2.0<br \/>\n\u2022 Peso: 1 Kg<br \/>\n\u2022 Exelente Refrigeracion<br \/>\n\u2022 Tipo de soporte : Ajustable<br \/>\n\u2022 Tama\u00f1o m\u00ednimo soportado &#8211; Tama\u00f1o m\u00e1ximo soportado 10 &#8221; &#8211; 19 &#8220;<\/p>\n","protected":false},"excerpt":{"rendered":"<p>\u2022 FICHA T\u00c9CNICA \u2022 8 Ventiladores. \u2022 Cubierta Tipo Mesh De Metal \u2022 Silencioso: 15 \u2013 20 DB. \u2022 8 Velocidades Regulables De Ventiladores. \u2022 2 Puertos USB 2.0 \u2022 Peso: 1 Kg \u2022 Exelente Refrigeracion \u2022 Tipo de soporte : Ajustable \u2022 Tama\u00f1o m\u00ednimo soportado &#8211; Tama\u00f1o m\u00e1ximo soportado 10 &#8221; &#8211; 19 &#8220;<\/p>\n","protected":false},"featured_media":1760,"comment_status":"closed","ping_status":"closed","template":"","meta":[],"product_brand":[],"product_cat":[37,54,26],"product_tag":[],"class_list":{"0":"post-1671","1":"product","2":"type-product","3":"status-publish","4":"has-post-thumbnail","6":"product_cat-accesorios","7":"product_cat-base-refrigerante","8":"product_cat-producto","10":"first","11":"instock","12":"sale","13":"shipping-taxable","14":"purchasable","15":"product-type-simple"},"_links":{"self":[{"href":"https:\/\/krimperium.shop\/index.php?rest_route=\/wp\/v2\/product\/1671","targetHints":{"allow":["GET"]}}],"collection":[{"href":"https:\/\/krimperium.shop\/index.php?rest_route=\/wp\/v2\/product"}],"about":[{"href":"https:\/\/krimperium.shop\/index.php?rest_route=\/wp\/v2\/types\/product"}],"replies":[{"embeddable":true,"href":"https:\/\/krimperium.shop\/index.php?rest_route=%2Fwp%2Fv2%2Fcomments&post=1671"}],"wp:featuredmedia":[{"embeddable":true,"href":"https:\/\/krimperium.shop\/index.php?rest_route=\/wp\/v2\/media\/1760"}],"wp:attachment":[{"href":"https:\/\/krimperium.shop\/index.php?rest_route=%2Fwp%2Fv2%2Fmedia&parent=1671"}],"wp:term":[{"taxonomy":"product_brand","embeddable":true,"href":"https:\/\/krimperium.shop\/index.php?rest_route=%2Fwp%2Fv2%2Fproduct_brand&post=1671"},{"taxonomy":"product_cat","embeddable":true,"href":"https:\/\/krimperium.shop\/index.php?rest_route=%2Fwp%2Fv2%2Fproduct_cat&post=1671"},{"taxonomy":"product_tag","embeddable":true,"href":"https:\/\/krimperium.shop\/index.php?rest_route=%2Fwp%2Fv2%2Fproduct_tag&post=1671"}],"curies":[{"name":"wp","href":"https:\/\/api.w.org\/{rel}","templated":true}]}}