{"id":1676,"date":"2025-01-07T18:45:45","date_gmt":"2025-01-07T18:45:45","guid":{"rendered":"https:\/\/krimperium.shop\/?post_type=product&#038;p=1676"},"modified":"2025-01-07T18:56:43","modified_gmt":"2025-01-07T18:56:43","slug":"lampara-luz-led-gabinete-closet-sensor-detector-movimiento","status":"publish","type":"product","link":"https:\/\/krimperium.shop\/?product=lampara-luz-led-gabinete-closet-sensor-detector-movimiento","title":{"rendered":"L\u00e1mpara Luz Led Gabinete Closet Sensor Detector Movimiento"},"content":{"rendered":"<p>\u2022 Barra de Iluminaci\u00f3n de luz LED para gabinete, armario, closet y m\u00e1s. Sensor de Movimiento.<br \/>\n\u2022 Bater\u00eda recargable.<br \/>\n\u2022 Bot\u00f3n de encendido y apagado<br \/>\n\u2022 Material: Aluminio<br \/>\n\u2022 Tama\u00f1o: 21cm*2,3cm<br \/>\n\u2022 Tono\/Color: Luz blanca, Y Calida<br \/>\n\u2022 Alcance de detecci\u00f3n: 5m<br \/>\n\u2022 Angulo de movimiento: 120\u00b0<br \/>\n\u2022 Energ\u00eda: Bater\u00eda recargable con carga USB (5V, 1W)<br \/>\n\u2022 Tiempo de carga: 2 horas<br \/>\n\u2022 Duraci\u00f3n de carga: Hasta 7 dias en modo sensor.<br \/>\n\u2022 LED: 36 Leds<br \/>\n\u2022 Voltaje nominal: 5V<\/p>\n<p>\u2022 Lampara de 21 cm de largo con sensor autom\u00e1tico de luz LED, se enciende autom\u00e1ticamente dentro de 5 metros de distancia, se apaga despu\u00e9s de 20 segundos sin detecci\u00f3n de movimiento, esto ayuda a prolongar la vida \u00fatil de la bater\u00eda.<\/p>\n<p>\u2022 No Necesita Perforaciones en la Pared. es Magnetico<\/p>\n<p>\u2022\u00a0 Se encender\u00e1 solo cuando est\u00e9 oscuro y cuando se detecte movimiento.<\/p>\n<p>\u2022 S\u00faper brillante y sin deslumbramiento: construido en 36 bombillas LED brillantes y de bajo consumo de hasta 50000 horas de vida \u00fatil.<\/p>\n<p>\u2022\u00a0 Bater\u00eda grande: bater\u00eda de litio de gran capacidad incorporada de 450 mAh con puerto USB a Micro<\/p>\n<p>\u2022 La luz del sensor de movimiento se puede cargar con cualquier dispositivo USB de 5 V con cable de carga<\/p>\n<p>&nbsp;<\/p>\n","protected":false},"excerpt":{"rendered":"<p>\u2022 Barra de Iluminaci\u00f3n de luz LED para gabinete, armario, closet y m\u00e1s. Sensor de Movimiento. \u2022 Bater\u00eda recargable. \u2022 Bot\u00f3n de encendido y apagado \u2022 Material: Aluminio \u2022 Tama\u00f1o: 21cm*2,3cm \u2022 Tono\/Color: Luz blanca, Y Calida \u2022 Alcance de detecci\u00f3n: 5m \u2022 Angulo de movimiento: 120\u00b0 \u2022 Energ\u00eda: Bater\u00eda recargable con carga USB (5V, [&hellip;]<\/p>\n","protected":false},"featured_media":1771,"comment_status":"closed","ping_status":"closed","template":"","meta":[],"product_brand":[],"product_cat":[37,56,26],"product_tag":[],"class_list":{"0":"post-1676","1":"product","2":"type-product","3":"status-publish","4":"has-post-thumbnail","6":"product_cat-accesorios","7":"product_cat-casa-inteligente","8":"product_cat-producto","10":"first","11":"instock","12":"sale","13":"shipping-taxable","14":"purchasable","15":"product-type-simple"},"_links":{"self":[{"href":"https:\/\/krimperium.shop\/index.php?rest_route=\/wp\/v2\/product\/1676","targetHints":{"allow":["GET"]}}],"collection":[{"href":"https:\/\/krimperium.shop\/index.php?rest_route=\/wp\/v2\/product"}],"about":[{"href":"https:\/\/krimperium.shop\/index.php?rest_route=\/wp\/v2\/types\/product"}],"replies":[{"embeddable":true,"href":"https:\/\/krimperium.shop\/index.php?rest_route=%2Fwp%2Fv2%2Fcomments&post=1676"}],"wp:featuredmedia":[{"embeddable":true,"href":"https:\/\/krimperium.shop\/index.php?rest_route=\/wp\/v2\/media\/1771"}],"wp:attachment":[{"href":"https:\/\/krimperium.shop\/index.php?rest_route=%2Fwp%2Fv2%2Fmedia&parent=1676"}],"wp:term":[{"taxonomy":"product_brand","embeddable":true,"href":"https:\/\/krimperium.shop\/index.php?rest_route=%2Fwp%2Fv2%2Fproduct_brand&post=1676"},{"taxonomy":"product_cat","embeddable":true,"href":"https:\/\/krimperium.shop\/index.php?rest_route=%2Fwp%2Fv2%2Fproduct_cat&post=1676"},{"taxonomy":"product_tag","embeddable":true,"href":"https:\/\/krimperium.shop\/index.php?rest_route=%2Fwp%2Fv2%2Fproduct_tag&post=1676"}],"curies":[{"name":"wp","href":"https:\/\/api.w.org\/{rel}","templated":true}]}}