{"id":1687,"date":"2025-01-07T18:47:03","date_gmt":"2025-01-07T18:47:03","guid":{"rendered":"https:\/\/krimperium.shop\/?post_type=product&#038;p=1687"},"modified":"2025-01-07T18:57:41","modified_gmt":"2025-01-07T18:57:41","slug":"reloj-inteligente-smartwatch-zl54-bluetooth","status":"publish","type":"product","link":"https:\/\/krimperium.shop\/?product=reloj-inteligente-smartwatch-zl54-bluetooth","title":{"rendered":"Reloj Inteligente Smartwatch Zl54 Bluetooth"},"content":{"rendered":"<p><b>\u2022 <\/b>Pantalla: Pantalla TFT de 1,83 pulgadas<br \/>\n<b>\u2022 <\/b>Panel t\u00e1ctil: Pantalla t\u00e1ctil completa<br \/>\n<b>\u2022 <\/b>Bater\u00eda: 230MA<br \/>\n<b>\u2022 <\/b>Aplicaci\u00f3n: Da Fit<br \/>\n<b>\u2022 <\/b>M\u00e9todo de carga: carga magn\u00e9tica<br \/>\n<b>\u2022 <\/b>Resistente al agua: IP67<\/p>\n<p><strong data-spm-anchor-id=\"a2g0o.detail.1000023.i1.772b59a6HKXvr9\"><b>\u2022 <\/b>Par\u00e1metros de Hardware<\/strong><br \/>\n<b>\u2022 <\/b>Compatible con Bluetooth: BLE 5,2<br \/>\n<b>\u2022 <\/b>Versi\u00f3n del sistema: Android5.0 o superior a IOS 9,0 o superior<\/p>\n<p><b>\u2022 <\/b>Monitoreo del sue\u00f1o, recordatorio de sedentarismo, pod\u00f3metro,<br \/>\n<b>\u2022 <\/b>consumo de calor\u00edas, recordatorio y pantalla de llamada entrante,<br \/>\n<b>\u2022 <\/b>notificaci\u00f3n de mensaje, encontrar Tel\u00e9fono, cron\u00f3metro, clima, m\u00fasica remota y<br \/>\ncontrol remoto de c\u00e1mara, alarma, temporizador.<\/p>\n","protected":false},"excerpt":{"rendered":"<p>\u2022 Pantalla: Pantalla TFT de 1,83 pulgadas \u2022 Panel t\u00e1ctil: Pantalla t\u00e1ctil completa \u2022 Bater\u00eda: 230MA \u2022 Aplicaci\u00f3n: Da Fit \u2022 M\u00e9todo de carga: carga magn\u00e9tica \u2022 Resistente al agua: IP67 \u2022 Par\u00e1metros de Hardware \u2022 Compatible con Bluetooth: BLE 5,2 \u2022 Versi\u00f3n del sistema: Android5.0 o superior a IOS 9,0 o superior \u2022 Monitoreo [&hellip;]<\/p>\n","protected":false},"featured_media":1777,"comment_status":"closed","ping_status":"closed","template":"","meta":[],"product_brand":[],"product_cat":[37,26,50],"product_tag":[],"class_list":{"0":"post-1687","1":"product","2":"type-product","3":"status-publish","4":"has-post-thumbnail","6":"product_cat-accesorios","7":"product_cat-producto","8":"product_cat-smartwatchs-relojes","10":"first","11":"instock","12":"sale","13":"shipping-taxable","14":"purchasable","15":"product-type-variable"},"_links":{"self":[{"href":"https:\/\/krimperium.shop\/index.php?rest_route=\/wp\/v2\/product\/1687","targetHints":{"allow":["GET"]}}],"collection":[{"href":"https:\/\/krimperium.shop\/index.php?rest_route=\/wp\/v2\/product"}],"about":[{"href":"https:\/\/krimperium.shop\/index.php?rest_route=\/wp\/v2\/types\/product"}],"replies":[{"embeddable":true,"href":"https:\/\/krimperium.shop\/index.php?rest_route=%2Fwp%2Fv2%2Fcomments&post=1687"}],"wp:featuredmedia":[{"embeddable":true,"href":"https:\/\/krimperium.shop\/index.php?rest_route=\/wp\/v2\/media\/1777"}],"wp:attachment":[{"href":"https:\/\/krimperium.shop\/index.php?rest_route=%2Fwp%2Fv2%2Fmedia&parent=1687"}],"wp:term":[{"taxonomy":"product_brand","embeddable":true,"href":"https:\/\/krimperium.shop\/index.php?rest_route=%2Fwp%2Fv2%2Fproduct_brand&post=1687"},{"taxonomy":"product_cat","embeddable":true,"href":"https:\/\/krimperium.shop\/index.php?rest_route=%2Fwp%2Fv2%2Fproduct_cat&post=1687"},{"taxonomy":"product_tag","embeddable":true,"href":"https:\/\/krimperium.shop\/index.php?rest_route=%2Fwp%2Fv2%2Fproduct_tag&post=1687"}],"curies":[{"name":"wp","href":"https:\/\/api.w.org\/{rel}","templated":true}]}}