{"id":1701,"date":"2025-01-07T18:48:31","date_gmt":"2025-01-07T18:48:31","guid":{"rendered":"https:\/\/krimperium.shop\/?post_type=product&#038;p=1701"},"modified":"2025-01-07T18:58:26","modified_gmt":"2025-01-07T18:58:26","slug":"interruptor-switch-tactil-inteligente-alexa-google","status":"publish","type":"product","link":"https:\/\/krimperium.shop\/?product=interruptor-switch-tactil-inteligente-alexa-google","title":{"rendered":"Interruptor Switch T\u00e1ctil Inteligente Alexa, Google"},"content":{"rendered":"<p class=\"ui-pdp-description__content\"><b>\u2022 <\/b>Interruptor Switch Wifi Inteligente Sin Neutro, Compatible con Google Home, Google Nest, Alexa, IFTTT<\/p>\n<p><b>\u2022 <\/b>EN LA OPCI\u00d3N COLOR, podr\u00e1 hacer click y escoger el color deseado de los que est\u00e9n disponibles.<\/p>\n<p><b>\u2022 <\/b>Nuevo Modelo: Ahora puedes apagar la luz del interruptor y evitar molestias al dormir.<br \/>\nY puedes configurar qu\u00e9 pasa si se va la energ\u00eda:<br \/>\nQuedar encendido<br \/>\nQuedar apagado<br \/>\nQuedar como estaba<\/p>\n<p><strong><b>\u2022 <\/b><\/strong>Nuestro dispositivo no es compatible con la aplicaci\u00f3n Casa de HomeKit, pero puede crear atajos para encender y apagar el dispositivo usando Siri<\/p>\n<p><b>\u2022 <\/b>Por que nuestro switch?<br \/>\nPorque este dispositivo a diferencia de los dem\u00e1s NO necesitan cable de neutro, cable que no instalan en colombia.<br \/>\nCon otros dispositivos debe ponerse a tirar un cable adicional, lo cual conlleva a un gasto adicional.<\/p>\n<p><b>\u2022 <\/b>Con dise\u00f1o moderno y t\u00e1ctil<\/p>\n<p><strong><b>\u2022 <\/b><\/strong>Tambi\u00e9n puede usarse como SWITCH CONMUTABLE, debera comprar 2 interruptores que conmutan (no es posible conmutar inteligente y uno normal) muy f\u00e1cil y nosotros le ayudamos con toda la instalaci\u00f3n.<\/p>\n<p><b>\u2022 <\/b>Nuestro interruptor wifi inteligente no requiere cable de Neutro, solo debe reemplazar su interruptor original.<\/p>\n<p><b>\u2022 <\/b>Ahora el cable de neutro es opcional, es decir, si su instalaci\u00f3n tiene cable de neutro puede usarlo y asi no debe instalar el capacitor.<\/p>\n<p><b>\u2022 <\/b>Se configura con aplicaci\u00f3n Smart Life.<\/p>\n<p><b>\u2022 <\/b>F\u00e1cil instalaci\u00f3n y configuraci\u00f3n,<\/p>\n<p><b>\u2022 <\/b>Especificaciones:<br \/>\n<b>\u2022 <\/b>Voltaje: 100V\/220V<br \/>\n<b>\u2022 <\/b>Carga M\u00e1xima: 500w por bot\u00f3n<br \/>\n<b>\u2022 <\/b>Solo requiere Linea Positiva (FASE), No usa cable de Neutro (Opcional)<br \/>\n<b>\u2022 <\/b>Medidas:<br \/>\n<b>\u2022<\/b>Alto: 12.0cm<br \/>\n<b>\u2022 <\/b>Ancho: 7.2cm<br \/>\n<b>\u2022 <\/b>Profundidad: 4.3<\/p>\n<p>&nbsp;<\/p>\n","protected":false},"excerpt":{"rendered":"<p>\u2022 Interruptor Switch Wifi Inteligente Sin Neutro, Compatible con Google Home, Google Nest, Alexa, IFTTT \u2022 EN LA OPCI\u00d3N COLOR, podr\u00e1 hacer click y escoger el color deseado de los que est\u00e9n disponibles. \u2022 Nuevo Modelo: Ahora puedes apagar la luz del interruptor y evitar molestias al dormir. Y puedes configurar qu\u00e9 pasa si se [&hellip;]<\/p>\n","protected":false},"featured_media":1782,"comment_status":"closed","ping_status":"closed","template":"","meta":[],"product_brand":[],"product_cat":[37,56,26],"product_tag":[],"class_list":{"0":"post-1701","1":"product","2":"type-product","3":"status-publish","4":"has-post-thumbnail","6":"product_cat-accesorios","7":"product_cat-casa-inteligente","8":"product_cat-producto","10":"first","11":"instock","12":"sale","13":"shipping-taxable","14":"purchasable","15":"product-type-variable","16":"has-default-attributes"},"_links":{"self":[{"href":"https:\/\/krimperium.shop\/index.php?rest_route=\/wp\/v2\/product\/1701","targetHints":{"allow":["GET"]}}],"collection":[{"href":"https:\/\/krimperium.shop\/index.php?rest_route=\/wp\/v2\/product"}],"about":[{"href":"https:\/\/krimperium.shop\/index.php?rest_route=\/wp\/v2\/types\/product"}],"replies":[{"embeddable":true,"href":"https:\/\/krimperium.shop\/index.php?rest_route=%2Fwp%2Fv2%2Fcomments&post=1701"}],"wp:featuredmedia":[{"embeddable":true,"href":"https:\/\/krimperium.shop\/index.php?rest_route=\/wp\/v2\/media\/1782"}],"wp:attachment":[{"href":"https:\/\/krimperium.shop\/index.php?rest_route=%2Fwp%2Fv2%2Fmedia&parent=1701"}],"wp:term":[{"taxonomy":"product_brand","embeddable":true,"href":"https:\/\/krimperium.shop\/index.php?rest_route=%2Fwp%2Fv2%2Fproduct_brand&post=1701"},{"taxonomy":"product_cat","embeddable":true,"href":"https:\/\/krimperium.shop\/index.php?rest_route=%2Fwp%2Fv2%2Fproduct_cat&post=1701"},{"taxonomy":"product_tag","embeddable":true,"href":"https:\/\/krimperium.shop\/index.php?rest_route=%2Fwp%2Fv2%2Fproduct_tag&post=1701"}],"curies":[{"name":"wp","href":"https:\/\/api.w.org\/{rel}","templated":true}]}}