{"id":1716,"date":"2025-01-07T18:50:08","date_gmt":"2025-01-07T18:50:08","guid":{"rendered":"https:\/\/krimperium.shop\/?post_type=product&#038;p=1716"},"modified":"2025-01-07T18:59:09","modified_gmt":"2025-01-07T18:59:09","slug":"mouse-gamer-inalambrico-k-snake-bm600-negro","status":"publish","type":"product","link":"https:\/\/krimperium.shop\/?product=mouse-gamer-inalambrico-k-snake-bm600-negro","title":{"rendered":"Mouse Gamer Inal\u00e1mbrico K-snake Bm600 Negro"},"content":{"rendered":"<p>Mouse recargable RGB BM600, buena duraci\u00f3n de bater\u00eda, conectividad instant\u00e1nea, 3 ajustes de DPI, ligero<br \/>\ndise\u00f1o en panel de abeja para reducir el sudor de las manos<\/p>\n<p>\u2022Disponible en color negro. transmisi\u00f3n inal\u00e1mbrica, sin instalaci\u00f3n de controladores, conecta y usa.<br \/>\n\u2022800-1200-1600 DPI, 3 niveles de ajuste DPI.<br \/>\n\u2022\u00a0Colores RGB.<br \/>\n\u2022Bater\u00eda de 400 mA de litio<br \/>\n\u2022Hasta 10 metros de distancia en uso<br \/>\n\u2022Peso del rat\u00f3n: 95 g<br \/>\n\u00bfQu\u00e9 incluye tu compra?<br \/>\n-La caja contiene un cable micro USB &#8211; USB A para cargar el rat\u00f3n, el receptor del rat\u00f3n, un rat\u00f3n BM600 RGB y un manual de uso r\u00e1pido en ingl\u00e9s<\/p>\n","protected":false},"excerpt":{"rendered":"<p>Mouse recargable RGB BM600, buena duraci\u00f3n de bater\u00eda, conectividad instant\u00e1nea, 3 ajustes de DPI, ligero dise\u00f1o en panel de abeja para reducir el sudor de las manos \u2022Disponible en color negro. transmisi\u00f3n inal\u00e1mbrica, sin instalaci\u00f3n de controladores, conecta y usa. \u2022800-1200-1600 DPI, 3 niveles de ajuste DPI. \u2022\u00a0Colores RGB. \u2022Bater\u00eda de 400 mA de litio [&hellip;]<\/p>\n","protected":false},"featured_media":1801,"comment_status":"closed","ping_status":"closed","template":"","meta":[],"product_brand":[],"product_cat":[53,30,26],"product_tag":[],"class_list":{"0":"post-1716","1":"product","2":"type-product","3":"status-publish","4":"has-post-thumbnail","6":"product_cat-inalambricos","7":"product_cat-mouses","8":"product_cat-producto","10":"first","11":"instock","12":"shipping-taxable","13":"purchasable","14":"product-type-simple"},"_links":{"self":[{"href":"https:\/\/krimperium.shop\/index.php?rest_route=\/wp\/v2\/product\/1716","targetHints":{"allow":["GET"]}}],"collection":[{"href":"https:\/\/krimperium.shop\/index.php?rest_route=\/wp\/v2\/product"}],"about":[{"href":"https:\/\/krimperium.shop\/index.php?rest_route=\/wp\/v2\/types\/product"}],"replies":[{"embeddable":true,"href":"https:\/\/krimperium.shop\/index.php?rest_route=%2Fwp%2Fv2%2Fcomments&post=1716"}],"wp:featuredmedia":[{"embeddable":true,"href":"https:\/\/krimperium.shop\/index.php?rest_route=\/wp\/v2\/media\/1801"}],"wp:attachment":[{"href":"https:\/\/krimperium.shop\/index.php?rest_route=%2Fwp%2Fv2%2Fmedia&parent=1716"}],"wp:term":[{"taxonomy":"product_brand","embeddable":true,"href":"https:\/\/krimperium.shop\/index.php?rest_route=%2Fwp%2Fv2%2Fproduct_brand&post=1716"},{"taxonomy":"product_cat","embeddable":true,"href":"https:\/\/krimperium.shop\/index.php?rest_route=%2Fwp%2Fv2%2Fproduct_cat&post=1716"},{"taxonomy":"product_tag","embeddable":true,"href":"https:\/\/krimperium.shop\/index.php?rest_route=%2Fwp%2Fv2%2Fproduct_tag&post=1716"}],"curies":[{"name":"wp","href":"https:\/\/api.w.org\/{rel}","templated":true}]}}