{"id":1725,"date":"2025-01-07T18:51:10","date_gmt":"2025-01-07T18:51:10","guid":{"rendered":"https:\/\/krimperium.shop\/?post_type=product&#038;p=1725"},"modified":"2025-01-07T18:59:56","modified_gmt":"2025-01-07T18:59:56","slug":"mouse-gamer-inalambrico-k-snake-bm600-white","status":"publish","type":"product","link":"https:\/\/krimperium.shop\/?product=mouse-gamer-inalambrico-k-snake-bm600-white","title":{"rendered":"Mouse Gamer Inal\u00e1mbrico K-snake Bm600 White"},"content":{"rendered":"<p>\u2022 Mouse Recargable RGB BM600, Buena Duraci\u00f3n De Bater\u00eda, Conectividad Instant\u00e1nea, 3 Ajustes De DPI, Ligero<br \/>\n\u2022 Dise\u00f1o En Panel De Abeja Para Reducir El Sudor De Las Manos<br \/>\n\u2022 Color Blanco<br \/>\n\u2022 Disponible En Color Negro. Transmisi\u00f3n Inal\u00e1mbrica, Sin Instalaci\u00f3n De Controladores, Conecta Y Usa.<br \/>\n\u2022 800-1200-1600 DPI, 3 Niveles De Ajuste DPI.<br \/>\n\u2022 Colores RGB.<br \/>\n\u2022 Bater\u00eda De 400 MA De Litio<br \/>\n\u2022 Hasta 10 Metros De Distancia En Uso<br \/>\n\u2022 Peso Del Rat\u00f3n: 95 G<br \/>\n\u2022 \u00bfQu\u00e9 Incluye Tu Compra? -La Caja Contiene Un Cable Micro USB \u2013 USB A Para Cargar El Rat\u00f3n, El Receptor Del Rat\u00f3n, Un Rat\u00f3n BM600 RGB Y Un Manual De Uso R\u00e1pido En Ingl\u00e9s<\/p>\n","protected":false},"excerpt":{"rendered":"<p>\u2022 Mouse Recargable RGB BM600, Buena Duraci\u00f3n De Bater\u00eda, Conectividad Instant\u00e1nea, 3 Ajustes De DPI, Ligero \u2022 Dise\u00f1o En Panel De Abeja Para Reducir El Sudor De Las Manos \u2022 Color Blanco \u2022 Disponible En Color Negro. Transmisi\u00f3n Inal\u00e1mbrica, Sin Instalaci\u00f3n De Controladores, Conecta Y Usa. \u2022 800-1200-1600 DPI, 3 Niveles De Ajuste DPI. \u2022 [&hellip;]<\/p>\n","protected":false},"featured_media":1808,"comment_status":"closed","ping_status":"closed","template":"","meta":[],"product_brand":[],"product_cat":[53,30,26],"product_tag":[],"class_list":{"0":"post-1725","1":"product","2":"type-product","3":"status-publish","4":"has-post-thumbnail","6":"product_cat-inalambricos","7":"product_cat-mouses","8":"product_cat-producto","10":"first","11":"instock","12":"shipping-taxable","13":"purchasable","14":"product-type-simple"},"_links":{"self":[{"href":"https:\/\/krimperium.shop\/index.php?rest_route=\/wp\/v2\/product\/1725","targetHints":{"allow":["GET"]}}],"collection":[{"href":"https:\/\/krimperium.shop\/index.php?rest_route=\/wp\/v2\/product"}],"about":[{"href":"https:\/\/krimperium.shop\/index.php?rest_route=\/wp\/v2\/types\/product"}],"replies":[{"embeddable":true,"href":"https:\/\/krimperium.shop\/index.php?rest_route=%2Fwp%2Fv2%2Fcomments&post=1725"}],"wp:featuredmedia":[{"embeddable":true,"href":"https:\/\/krimperium.shop\/index.php?rest_route=\/wp\/v2\/media\/1808"}],"wp:attachment":[{"href":"https:\/\/krimperium.shop\/index.php?rest_route=%2Fwp%2Fv2%2Fmedia&parent=1725"}],"wp:term":[{"taxonomy":"product_brand","embeddable":true,"href":"https:\/\/krimperium.shop\/index.php?rest_route=%2Fwp%2Fv2%2Fproduct_brand&post=1725"},{"taxonomy":"product_cat","embeddable":true,"href":"https:\/\/krimperium.shop\/index.php?rest_route=%2Fwp%2Fv2%2Fproduct_cat&post=1725"},{"taxonomy":"product_tag","embeddable":true,"href":"https:\/\/krimperium.shop\/index.php?rest_route=%2Fwp%2Fv2%2Fproduct_tag&post=1725"}],"curies":[{"name":"wp","href":"https:\/\/api.w.org\/{rel}","templated":true}]}}