{"id":89,"date":"2025-01-07T07:43:28","date_gmt":"2025-01-07T07:43:28","guid":{"rendered":"https:\/\/krimperium.shop\/?post_type=product&#038;p=89"},"modified":"2025-01-07T17:20:07","modified_gmt":"2025-01-07T17:20:07","slug":"redragon-kumara-k552-blanco","status":"publish","type":"product","link":"https:\/\/krimperium.shop\/?product=redragon-kumara-k552-blanco","title":{"rendered":"Redragon Kumara K552 Blanco"},"content":{"rendered":"<p>ESPECIFICACIONES T\u00c9CNICAS:<\/p>\n<p>KUMARA K552 RGB<br \/>\n\u2022 Tipo Teclado: Mec\u00e1nicos<br \/>\n\u2022 Tipo Switch: Redragon Blue, t\u00e1ctil con click audible, fuerza de actuaci\u00f3n 50 gr<br \/>\n\u2022 Teclas Multimedia: Si, a tr\u00e1ves de tecla FN<br \/>\n\u2022 Teclas Macro Dedicadas: No<br \/>\n\u2022 Bloqueo Tecla Windows: Si<br \/>\n\u2022 Tama\u00f1o teclado: Tenkeyless (sin pad n\u00famerico)<br \/>\n\u2022 Reposa Mu\u00f1ecas: No<br \/>\n\u2022 Retroiluminado: Si, RGB Chroma<br \/>\n\u2022 Cable: Goma, reforzado. Soporta 12kg y 10000 flexiones. USB enchapado en oro y filtro anti interferencias<br \/>\n\u2022 Matriz: 100% Anti-Ghosting con Full Key Rollover<br \/>\n\u2022 Construcci\u00f3n: Pl\u00e1stico ABS reforzado y placa de acero<br \/>\n\u2022 Anti salpicaduras: Si<br \/>\n\u2022 Distribuci\u00f3n: Espa\u00f1ol Latinoam\u00e9rica<br \/>\n\u2022 Peso: 1.06 kg<br \/>\n\u2022 Dimensiones: 37.5\u00d715.5\u00d74.3 cm<br \/>\n\u2022 Extras: Teclas moldeadas por inyecci\u00f3n doble disparo y grabadas con l\u00e1ser., keypicker<br \/>\n\u2022 Software: Si (Versi\u00f3n en espa\u00f1ol \u00fanicamente)<br \/>\n\u2022 Garant\u00eda : 12 Meses<\/p>\n","protected":false},"excerpt":{"rendered":"<p>Un Best-Seller Aclamado, Y Con Raz\u00f3n. El Kumara<br \/>\nEs Un Teclado Mec\u00e1nico TKL (Sin Pad Num\u00e9rico);<br \/>\nCompacto, Pero Ampliamente Funcional. Y Fuerte<br \/>\n\u2014Muy Fuerte\u2014, Gracias A Que Su Estructura Est\u00e1<br \/>\nReforzada Con Acero. Es Virtualmente Irrompible<br \/>\nY Tiene Una Durabilidad Extraordinaria.<\/p>\n","protected":false},"featured_media":124,"comment_status":"closed","ping_status":"closed","template":"","meta":[],"product_brand":[],"product_cat":[23,22],"product_tag":[],"class_list":{"0":"post-89","1":"product","2":"type-product","3":"status-publish","4":"has-post-thumbnail","6":"product_cat-23","7":"product_cat-teclados","9":"first","10":"outofstock","11":"product-type-variable"},"_links":{"self":[{"href":"https:\/\/krimperium.shop\/index.php?rest_route=\/wp\/v2\/product\/89","targetHints":{"allow":["GET"]}}],"collection":[{"href":"https:\/\/krimperium.shop\/index.php?rest_route=\/wp\/v2\/product"}],"about":[{"href":"https:\/\/krimperium.shop\/index.php?rest_route=\/wp\/v2\/types\/product"}],"replies":[{"embeddable":true,"href":"https:\/\/krimperium.shop\/index.php?rest_route=%2Fwp%2Fv2%2Fcomments&post=89"}],"wp:featuredmedia":[{"embeddable":true,"href":"https:\/\/krimperium.shop\/index.php?rest_route=\/wp\/v2\/media\/124"}],"wp:attachment":[{"href":"https:\/\/krimperium.shop\/index.php?rest_route=%2Fwp%2Fv2%2Fmedia&parent=89"}],"wp:term":[{"taxonomy":"product_brand","embeddable":true,"href":"https:\/\/krimperium.shop\/index.php?rest_route=%2Fwp%2Fv2%2Fproduct_brand&post=89"},{"taxonomy":"product_cat","embeddable":true,"href":"https:\/\/krimperium.shop\/index.php?rest_route=%2Fwp%2Fv2%2Fproduct_cat&post=89"},{"taxonomy":"product_tag","embeddable":true,"href":"https:\/\/krimperium.shop\/index.php?rest_route=%2Fwp%2Fv2%2Fproduct_tag&post=89"}],"curies":[{"name":"wp","href":"https:\/\/api.w.org\/{rel}","templated":true}]}}